{"id":306,"date":"2026-03-28T10:45:53","date_gmt":"2026-03-28T10:45:53","guid":{"rendered":"https:\/\/ne.institute\/vocabtivate\/"},"modified":"2026-03-29T16:21:14","modified_gmt":"2026-03-29T16:21:14","slug":"vocabtivate","status":"publish","type":"page","link":"https:\/\/ne.institute\/es\/about\/vocabtivate\/","title":{"rendered":"Vocabtivate\u2122."},"content":{"rendered":"\t\t<div data-elementor-type=\"wp-page\" data-elementor-id=\"306\" class=\"elementor elementor-306 elementor-49\" data-elementor-post-type=\"page\">\n\t\t\t\t\t\t<section class=\"elementor-section elementor-top-section elementor-element elementor-element-dfa2a0a elementor-section-boxed elementor-section-height-default elementor-section-height-default\" data-id=\"dfa2a0a\" data-element_type=\"section\" data-e-type=\"section\" data-settings=\"{&quot;background_background&quot;:&quot;gradient&quot;}\">\n\t\t\t\t\t\t<div class=\"elementor-container elementor-column-gap-default\">\n\t\t\t\t\t<div class=\"elementor-column elementor-col-100 elementor-top-column elementor-element elementor-element-522b4a3\" data-id=\"522b4a3\" data-element_type=\"column\" data-e-type=\"column\">\n\t\t\t<div class=\"elementor-widget-wrap elementor-element-populated\">\n\t\t\t\t\t\t<div class=\"elementor-element elementor-element-2720b5f elementor-widget elementor-widget-heading\" data-id=\"2720b5f\" data-element_type=\"widget\" data-e-type=\"widget\" data-widget_type=\"heading.default\">\n\t\t\t\t\t<h1 class=\"elementor-heading-title elementor-size-default\">Vocabtivate\u2122.<\/h1>\t\t\t\t<\/div>\n\t\t\t\t<div class=\"elementor-element elementor-element-786c13f elementor-widget elementor-widget-text-editor\" data-id=\"786c13f\" data-element_type=\"widget\" data-e-type=\"widget\" data-widget_type=\"text-editor.default\">\n\t\t\t\t\t\t\t\t\t<p style=\"text-align: center; color: #374151; font-size: 1.125rem; max-width: 600px; margin: 0 auto;\">Creaci\u00f3n inteligente de vocabulario mediante IA: aprende palabras en contexto, no aisladas. Vocabtivate\u2122 genera ejercicios contextuales calibrados para tu nivel exacto de competencia.<\/p>\t\t\t\t\t\t\t\t<\/div>\n\t\t\t\t\t<\/div>\n\t\t<\/div>\n\t\t\t\t\t<\/div>\n\t\t<\/section>\n\t\t\t\t<section class=\"elementor-section elementor-top-section elementor-element elementor-element-0777bcd elementor-section-boxed elementor-section-height-default elementor-section-height-default\" data-id=\"0777bcd\" data-element_type=\"section\" data-e-type=\"section\">\n\t\t\t\t\t\t<div class=\"elementor-container elementor-column-gap-default\">\n\t\t\t\t\t<div class=\"elementor-column elementor-col-100 elementor-top-column elementor-element elementor-element-beeb0cc\" data-id=\"beeb0cc\" data-element_type=\"column\" data-e-type=\"column\">\n\t\t\t<div class=\"elementor-widget-wrap elementor-element-populated\">\n\t\t\t\t\t\t<div class=\"elementor-element elementor-element-3d059dd elementor-widget elementor-widget-text-editor\" data-id=\"3d059dd\" data-element_type=\"widget\" data-e-type=\"widget\" data-widget_type=\"text-editor.default\">\n\t\t\t\t\t\t\t\t\t<div class=\"nei-page-content\">\n<div class=\"nei-content-section\">\n<h2>Tu vocabulario, potenciado por Ada\u2122.<\/h2>\nVocabtivate\u2122 no parte de una lista gen\u00e9rica de palabras, sino de <em>tus conversaciones reales<\/em>. sobre las cosas que te importan. Las palabras y frases de tus conversaciones Ada\u2122 se capturan autom\u00e1ticamente y se convierten en cuestionarios personalizados. Cada palabra que practicas es una que ya has encontrado en un contexto real, lo que hace que la retenci\u00f3n sea mucho m\u00e1s eficaz.\n<ul class=\"nei-check-list\">\n \t<li><svg width=\"20\" height=\"20\" viewbox=\"0 0 24 24\" fill=\"none\" stroke=\"#FF8200\" stroke-width=\"2\" stroke-linecap=\"round\" stroke-linejoin=\"round\"><path d=\"M20 6L9 17l-5-5\"\/><\/svg>La repetici\u00f3n espaciada garantiza la retenci\u00f3n a largo plazo, no el empollamiento a corto plazo<\/li>\n \t<li><svg width=\"20\" height=\"20\" viewbox=\"0 0 24 24\" fill=\"none\" stroke=\"#FF8200\" stroke-width=\"2\" stroke-linecap=\"round\" stroke-linejoin=\"round\"><path d=\"M20 6L9 17l-5-5\"\/><\/svg>Desaf\u00edate a superar tu marca personal<\/li>\n \t<li><svg width=\"20\" height=\"20\" viewbox=\"0 0 24 24\" fill=\"none\" stroke=\"#FF8200\" stroke-width=\"2\" stroke-linecap=\"round\" stroke-linejoin=\"round\"><path d=\"M20 6L9 17l-5-5\"\/><\/svg>Sigue el crecimiento de tu vocabulario a lo largo del tiempo con an\u00e1lisis detallados<\/li>\n<\/ul>\n<\/div>\n<div class=\"nei-content-section nei-bg-alt\">\n<h2 class=\"nei-section-heading\">C\u00f3mo funciona<\/h2>\n<div class=\"nei-steps-grid\">\n<div class=\"nei-numbered-step\">\n\n<span class=\"nei-step-num\" style=\"background: #80BC00;\">1<\/span>\n<h3>Las palabras se capturan<\/h3>\nLas palabras fluyen autom\u00e1ticamente desde tus conversaciones Ada\u2122 y puedes a\u00f1adirlas t\u00fa mismo.\n\n<\/div>\n<div class=\"nei-numbered-step\">\n\n<span class=\"nei-step-num\" style=\"background: #80BC00;\">2<\/span>\n<h3>La IA crea cuestionarios personalizados<\/h3>\nMediante la ciencia de la repetici\u00f3n espaciada, Vocabtivate\u2122 genera preguntas contextuales de opci\u00f3n m\u00faltiple con frases calibradas seg\u00fan tu nivel. Las palabras con las que luchas aparecen con m\u00e1s frecuencia hasta que se te quedan grabadas.\n\n<\/div>\n<div class=\"nei-numbered-step\">\n\n<span class=\"nei-step-num\" style=\"background: #80BC00;\">3<\/span>\n<h3>Practica a diario<\/h3>\nCompleta las pruebas diarias y construye tu racha. Cada sesi\u00f3n refuerza las palabras en el intervalo \u00f3ptimo para una retenci\u00f3n a largo plazo.\n\n<\/div>\n<div class=\"nei-numbered-step\">\n\n<span class=\"nei-step-num\" style=\"background: #80BC00;\">4<\/span>\n<h3>Sigue tu crecimiento<\/h3>\nObserva c\u00f3mo se ampl\u00eda tu vocabulario con el tiempo gracias a los an\u00e1lisis detallados. Comprueba qu\u00e9 palabras dominas y cu\u00e1les necesitas practicar m\u00e1s.\n\n<\/div>\n<\/div>\n<\/div>\n<div class=\"nei-content-section\">\n<h2 class=\"nei-section-heading\">Caracter\u00edsticas<\/h2>\n<div class=\"nei-features-grid\">\n<div class=\"nei-feature-item\"><svg width=\"22\" height=\"22\" viewbox=\"0 0 24 24\" fill=\"none\" stroke=\"#FF8200\" stroke-width=\"2\" stroke-linecap=\"round\" stroke-linejoin=\"round\"><path d=\"M9 19V6l12-3v13M9 19c0 1.105-1.343 2-3 2s-3-.895-3-2 1.343-2 3-2 3 .895 3 2zm12-3c0   1.105-1.343 2-3 2s-3-.895-3-2 1.343-2 3-2 3 .895 3 2z\"\/><\/svg>Pronunciaci\u00f3n de audio con conversi\u00f3n natural de texto a voz<\/div>\n<div class=\"nei-feature-item\"><svg width=\"22\" height=\"22\" viewbox=\"0 0 24 24\" fill=\"none\" stroke=\"#FF8200\" stroke-width=\"2\" stroke-linecap=\"round\" stroke-linejoin=\"round\"><path d=\"M3 13.125C3 12.504 3.504 12 4.125 12h2.25c.621 0 1.125.504 1.125 1.125v6.75C7.5   20.496 6.996 21 6.375 21h-2.25A1.125 1.125 0 013 19.875v-6.75zM9.75 8.625c0-.621.504-1.125 1.125-1.125h2.25c.621 0   1.125.504 1.125 1.125v11.25c0 .621-.504 1.125-1.125 1.125h-2.25a1.125 1.125 0 01-1.125-1.125V8.625zM16.5   4.125c0-.621.504-1.125 1.125-1.125h2.25C20.496 3 21 3.504 21 4.125v15.75c0 .621-.504 1.125-1.125 1.125h-2.25a1.125   1.125 0 01-1.125-1.125V4.125z\"\/><\/svg>Complejidad de la frase calibrada seg\u00fan la puntuaci\u00f3n NEI<\/div>\n<div class=\"nei-feature-item\"><svg width=\"22\" height=\"22\" viewbox=\"0 0 24 24\" fill=\"none\" stroke=\"#FF8200\" stroke-width=\"2\" stroke-linecap=\"round\" stroke-linejoin=\"round\"><path d=\"M15.362 5.214A8.252 8.252 0 0112 21 8.25 8.25 0 016.038 7.048 8.287 8.287 0 009   9.6a8.983 8.983 0 013.361-6.867 8.21 8.21 0 003 2.48z\"\/><path d=\"M12 18a3.75 3.75 0 00.495-7.467 5.99 5.99 0 00-1.925   3.546 5.974 5.974 0 01-2.133-1.001A3.75 3.75 0 0012 18z\"\/><\/svg>Sistema de rachas y seguimiento de la tasa de \u00e9xito<\/div>\n<div class=\"nei-feature-item\"><svg width=\"22\" height=\"22\" viewbox=\"0 0 24 24\" fill=\"none\" stroke=\"#FF8200\" stroke-width=\"2\" stroke-linecap=\"round\" stroke-linejoin=\"round\"><path d=\"M16.023 9.348h4.992v-.001M2.985 19.644v-4.992m0 0h4.992m-4.992 0l3.181 3.183a8.25   8.25 0 0013.803-3.7M4.031 9.865a8.25 8.25 0 0113.803-3.7l3.181 3.182\"\/><\/svg>El algoritmo de repetici\u00f3n espaciada optimiza los intervalos de repaso para una retenci\u00f3n a largo plazo<\/div>\n<div class=\"nei-feature-item\"><svg width=\"22\" height=\"22\" viewbox=\"0 0 24 24\" fill=\"none\" stroke=\"#FF8200\" stroke-width=\"2\" stroke-linecap=\"round\" stroke-linejoin=\"round\"><path d=\"M3 3v1.5M3 21v-6m0 0l2.77-.693a9 9 0 016.208.682l.108.054a9 9 0   006.086.71l3.114-.732a48.524 48.524 0 01-.005-10.499l-3.11.732a9 9 0 01-6.085-.711l-.108-.054a9 9 0 00-6.208-.682L3   4.5M3 15V4.5\"\/><\/svg>Informes de cuadros de mando para empresas y organizaciones<\/div>\n<div class=\"nei-feature-item\"><svg width=\"22\" height=\"22\" viewbox=\"0 0 24 24\" fill=\"none\" stroke=\"#FF8200\" stroke-width=\"2\" stroke-linecap=\"round\" stroke-linejoin=\"round\"><path d=\"M21 11.25v8.25a1.5 1.5 0 01-1.5 1.5H5.25a1.5 1.5 0 01-1.5-1.5v-8.25M12 4.875A2.625   2.625 0 109.375 7.5H12m0-2.625V7.5m0-2.625A2.625 2.625 0 1114.625 7.5H12m0 0V21m-8.625-9.75h18c.621 0 1.125-.504   1.125-1.125v-1.5c0-.621-.504-1.125-1.125-1.125h-18c-.621 0-1.125.504-1.125 1.125v1.5c0 .621.504 1.125 1.125   1.125z\"\/><\/svg>Nivel gratuito: 5 pr\u00e1cticas\/mes. Ilimitado para los abonados.<\/div>\n<div class=\"nei-feature-item\"><svg width=\"22\" height=\"22\" viewbox=\"0 0 24 24\" fill=\"none\" stroke=\"#FF8200\" stroke-width=\"2\" stroke-linecap=\"round\" stroke-linejoin=\"round\"><path d=\"M12 6.042A8.967 8.967 0 006 3.75c-1.052 0-2.062.18-3 .512v14.25A8.987 8.987 0 016   18c2.305 0 4.408.867 6 2.292m0-14.25a8.966 8.966 0 016-2.292c1.052 0 2.062.18 3 .512v14.25A8.987 8.987 0 0018 18a8.967    8.967 0 00-6 2.292m0-14.25v14.25\"\/><\/svg>Fuentes de palabras: Ada\u2122 conversaciones y autoagregados<\/div>\n<\/div>\n<\/div>\n<\/div>\t\t\t\t\t\t\t\t<\/div>\n\t\t\t\t\t<\/div>\n\t\t<\/div>\n\t\t\t\t\t<\/div>\n\t\t<\/section>\n\t\t\t\t<\/div>\n\t\t","protected":false},"excerpt":{"rendered":"<p>Vocabtivate\u2122. Creaci\u00f3n inteligente de vocabulario mediante IA: aprende palabras en contexto, no aisladas. Vocabtivate\u2122 genera ejercicios contextuales calibrados para tu nivel exacto de competencia. Tu vocabulario, potenciado por Ada\u2122. Vocabtivate\u2122 no parte de una lista gen\u00e9rica de palabras, sino de tus conversaciones reales. sobre las cosas que te importan. Las palabras y frases de tus [&hellip;]<\/p>\n","protected":false},"author":0,"featured_media":0,"parent":343,"menu_order":0,"comment_status":"closed","ping_status":"closed","template":"","meta":{"footnotes":""},"class_list":["post-306","page","type-page","status-publish","hentry"],"yoast_head":"<!-- This site is optimized with the Yoast SEO plugin v26.8 - https:\/\/yoast.com\/product\/yoast-seo-wordpress\/ -->\n<title>Vocabtivate\u2122.<\/title>\n<meta name=\"description\" content=\"Ampl\u00eda tu vocabulario con Vocabtivate\u2122, una pr\u00e1ctica contextual de palabras basada en IA y calibrada seg\u00fan tu nivel de puntuaci\u00f3n NEI.\" \/>\n<meta name=\"robots\" content=\"index, follow, max-snippet:-1, max-image-preview:large, max-video-preview:-1\" \/>\n<link rel=\"canonical\" href=\"https:\/\/ne.institute\/es\/about\/vocabtivate\/\" \/>\n<meta property=\"og:locale\" content=\"es_ES\" \/>\n<meta property=\"og:type\" content=\"article\" \/>\n<meta property=\"og:title\" content=\"Vocabtivate\u2122.\" \/>\n<meta property=\"og:description\" content=\"Ampl\u00eda tu vocabulario con Vocabtivate\u2122, una pr\u00e1ctica contextual de palabras basada en IA y calibrada seg\u00fan tu nivel de puntuaci\u00f3n NEI.\" \/>\n<meta property=\"og:url\" content=\"https:\/\/ne.institute\/es\/about\/vocabtivate\/\" \/>\n<meta property=\"og:site_name\" content=\"NE Institute\" \/>\n<meta property=\"article:publisher\" content=\"https:\/\/www.facebook.com\/AdaAnytime\/\" \/>\n<meta property=\"article:modified_time\" content=\"2026-03-29T16:21:14+00:00\" \/>\n<meta name=\"twitter:card\" content=\"summary_large_image\" \/>\n<meta name=\"twitter:label1\" content=\"Est. reading time\" \/>\n\t<meta name=\"twitter:data1\" content=\"2 minutes\" \/>\n<script type=\"application\/ld+json\" class=\"yoast-schema-graph\">{\"@context\":\"https:\/\/schema.org\",\"@graph\":[{\"@type\":\"WebPage\",\"@id\":\"https:\/\/ne.institute\/es\/about\/vocabtivate\/\",\"url\":\"https:\/\/ne.institute\/es\/about\/vocabtivate\/\",\"name\":\"Vocabtivate\u2122.\",\"isPartOf\":{\"@id\":\"https:\/\/ne.institute\/en\/#website\"},\"datePublished\":\"2026-03-28T10:45:53+00:00\",\"dateModified\":\"2026-03-29T16:21:14+00:00\",\"description\":\"Ampl\u00eda tu vocabulario con Vocabtivate\u2122, una pr\u00e1ctica contextual de palabras basada en IA y calibrada seg\u00fan tu nivel de puntuaci\u00f3n NEI.\",\"breadcrumb\":{\"@id\":\"https:\/\/ne.institute\/es\/about\/vocabtivate\/#breadcrumb\"},\"inLanguage\":\"es-ES\",\"potentialAction\":[{\"@type\":\"ReadAction\",\"target\":[\"https:\/\/ne.institute\/es\/about\/vocabtivate\/\"]}]},{\"@type\":\"BreadcrumbList\",\"@id\":\"https:\/\/ne.institute\/es\/about\/vocabtivate\/#breadcrumb\",\"itemListElement\":[{\"@type\":\"ListItem\",\"position\":1,\"name\":\"Home\",\"item\":\"https:\/\/ne.institute\/es\/\"},{\"@type\":\"ListItem\",\"position\":2,\"name\":\"Acerca de NEI\",\"item\":\"https:\/\/ne.institute\/es\/about\/\"},{\"@type\":\"ListItem\",\"position\":3,\"name\":\"Vocabtivate\u2122.\"}]},{\"@type\":\"WebSite\",\"@id\":\"https:\/\/ne.institute\/en\/#website\",\"url\":\"https:\/\/ne.institute\/en\/\",\"name\":\"NEI\",\"description\":\"\",\"publisher\":{\"@id\":\"https:\/\/ne.institute\/en\/#organization\"},\"potentialAction\":[{\"@type\":\"SearchAction\",\"target\":{\"@type\":\"EntryPoint\",\"urlTemplate\":\"https:\/\/ne.institute\/en\/?s={search_term_string}\"},\"query-input\":{\"@type\":\"PropertyValueSpecification\",\"valueRequired\":true,\"valueName\":\"search_term_string\"}}],\"inLanguage\":\"es-ES\"},{\"@type\":\"Organization\",\"@id\":\"https:\/\/ne.institute\/en\/#organization\",\"name\":\"NEI\",\"url\":\"https:\/\/ne.institute\/en\/\",\"logo\":{\"@type\":\"ImageObject\",\"inLanguage\":\"es-ES\",\"@id\":\"https:\/\/ne.institute\/en\/#\/schema\/logo\/image\/\",\"url\":\"https:\/\/app.ne.institute\/wp-content\/uploads\/2026\/03\/apple-touch-icon.png\",\"contentUrl\":\"https:\/\/app.ne.institute\/wp-content\/uploads\/2026\/03\/apple-touch-icon.png\",\"width\":76,\"height\":76,\"caption\":\"NEI\"},\"image\":{\"@id\":\"https:\/\/ne.institute\/en\/#\/schema\/logo\/image\/\"},\"sameAs\":[\"https:\/\/www.facebook.com\/AdaAnytime\/\",\"https:\/\/www.instagram.com\/AdaAnytime\",\"https:\/\/www.youtube.com\/channel\/UCZtSC0Iin_bRV9v65FcfQTA\"]}]}<\/script>\n<!-- \/ Yoast SEO plugin. -->","yoast_head_json":{"title":"Vocabtivate\u2122.","description":"Ampl\u00eda tu vocabulario con Vocabtivate\u2122, una pr\u00e1ctica contextual de palabras basada en IA y calibrada seg\u00fan tu nivel de puntuaci\u00f3n NEI.","robots":{"index":"index","follow":"follow","max-snippet":"max-snippet:-1","max-image-preview":"max-image-preview:large","max-video-preview":"max-video-preview:-1"},"canonical":"https:\/\/ne.institute\/es\/about\/vocabtivate\/","og_locale":"es_ES","og_type":"article","og_title":"Vocabtivate\u2122.","og_description":"Ampl\u00eda tu vocabulario con Vocabtivate\u2122, una pr\u00e1ctica contextual de palabras basada en IA y calibrada seg\u00fan tu nivel de puntuaci\u00f3n NEI.","og_url":"https:\/\/ne.institute\/es\/about\/vocabtivate\/","og_site_name":"NE Institute","article_publisher":"https:\/\/www.facebook.com\/AdaAnytime\/","article_modified_time":"2026-03-29T16:21:14+00:00","twitter_card":"summary_large_image","twitter_misc":{"Est. reading time":"2 minutes"},"schema":{"@context":"https:\/\/schema.org","@graph":[{"@type":"WebPage","@id":"https:\/\/ne.institute\/es\/about\/vocabtivate\/","url":"https:\/\/ne.institute\/es\/about\/vocabtivate\/","name":"Vocabtivate\u2122.","isPartOf":{"@id":"https:\/\/ne.institute\/en\/#website"},"datePublished":"2026-03-28T10:45:53+00:00","dateModified":"2026-03-29T16:21:14+00:00","description":"Ampl\u00eda tu vocabulario con Vocabtivate\u2122, una pr\u00e1ctica contextual de palabras basada en IA y calibrada seg\u00fan tu nivel de puntuaci\u00f3n NEI.","breadcrumb":{"@id":"https:\/\/ne.institute\/es\/about\/vocabtivate\/#breadcrumb"},"inLanguage":"es-ES","potentialAction":[{"@type":"ReadAction","target":["https:\/\/ne.institute\/es\/about\/vocabtivate\/"]}]},{"@type":"BreadcrumbList","@id":"https:\/\/ne.institute\/es\/about\/vocabtivate\/#breadcrumb","itemListElement":[{"@type":"ListItem","position":1,"name":"Home","item":"https:\/\/ne.institute\/es\/"},{"@type":"ListItem","position":2,"name":"Acerca de NEI","item":"https:\/\/ne.institute\/es\/about\/"},{"@type":"ListItem","position":3,"name":"Vocabtivate\u2122."}]},{"@type":"WebSite","@id":"https:\/\/ne.institute\/en\/#website","url":"https:\/\/ne.institute\/en\/","name":"NEI","description":"","publisher":{"@id":"https:\/\/ne.institute\/en\/#organization"},"potentialAction":[{"@type":"SearchAction","target":{"@type":"EntryPoint","urlTemplate":"https:\/\/ne.institute\/en\/?s={search_term_string}"},"query-input":{"@type":"PropertyValueSpecification","valueRequired":true,"valueName":"search_term_string"}}],"inLanguage":"es-ES"},{"@type":"Organization","@id":"https:\/\/ne.institute\/en\/#organization","name":"NEI","url":"https:\/\/ne.institute\/en\/","logo":{"@type":"ImageObject","inLanguage":"es-ES","@id":"https:\/\/ne.institute\/en\/#\/schema\/logo\/image\/","url":"https:\/\/app.ne.institute\/wp-content\/uploads\/2026\/03\/apple-touch-icon.png","contentUrl":"https:\/\/app.ne.institute\/wp-content\/uploads\/2026\/03\/apple-touch-icon.png","width":76,"height":76,"caption":"NEI"},"image":{"@id":"https:\/\/ne.institute\/en\/#\/schema\/logo\/image\/"},"sameAs":["https:\/\/www.facebook.com\/AdaAnytime\/","https:\/\/www.instagram.com\/AdaAnytime","https:\/\/www.youtube.com\/channel\/UCZtSC0Iin_bRV9v65FcfQTA"]}]}},"_links":{"self":[{"href":"https:\/\/ne.institute\/es\/wp-json\/wp\/v2\/pages\/306","targetHints":{"allow":["GET"]}}],"collection":[{"href":"https:\/\/ne.institute\/es\/wp-json\/wp\/v2\/pages"}],"about":[{"href":"https:\/\/ne.institute\/es\/wp-json\/wp\/v2\/types\/page"}],"replies":[{"embeddable":true,"href":"https:\/\/ne.institute\/es\/wp-json\/wp\/v2\/comments?post=306"}],"version-history":[{"count":1,"href":"https:\/\/ne.institute\/es\/wp-json\/wp\/v2\/pages\/306\/revisions"}],"predecessor-version":[{"id":310,"href":"https:\/\/ne.institute\/es\/wp-json\/wp\/v2\/pages\/306\/revisions\/310"}],"up":[{"embeddable":true,"href":"https:\/\/ne.institute\/es\/wp-json\/wp\/v2\/pages\/343"}],"wp:attachment":[{"href":"https:\/\/ne.institute\/es\/wp-json\/wp\/v2\/media?parent=306"}],"curies":[{"name":"wp","href":"https:\/\/api.w.org\/{rel}","templated":true}]}}