{"id":313,"date":"2026-03-28T08:08:56","date_gmt":"2026-03-28T08:08:56","guid":{"rendered":"https:\/\/ne.institute\/ada-ayudante-de-ia\/"},"modified":"2026-03-29T16:25:00","modified_gmt":"2026-03-29T16:25:00","slug":"ada-ai","status":"publish","type":"page","link":"https:\/\/ne.institute\/es\/about\/ada-ai\/","title":{"rendered":"Ada\u2122 Ayudante de IA"},"content":{"rendered":"\t\t<div data-elementor-type=\"wp-page\" data-elementor-id=\"313\" class=\"elementor elementor-313 elementor-48\" data-elementor-post-type=\"page\">\n\t\t\t\t\t\t<section class=\"elementor-section elementor-top-section elementor-element elementor-element-3b75fba elementor-section-boxed elementor-section-height-default elementor-section-height-default\" data-id=\"3b75fba\" data-element_type=\"section\" data-e-type=\"section\" data-settings=\"{&quot;background_background&quot;:&quot;gradient&quot;}\">\n\t\t\t\t\t\t<div class=\"elementor-container elementor-column-gap-default\">\n\t\t\t\t\t<div class=\"elementor-column elementor-col-100 elementor-top-column elementor-element elementor-element-410c40b\" data-id=\"410c40b\" data-element_type=\"column\" data-e-type=\"column\">\n\t\t\t<div class=\"elementor-widget-wrap elementor-element-populated\">\n\t\t\t\t\t\t<div class=\"elementor-element elementor-element-15a7ea6 elementor-widget elementor-widget-heading\" data-id=\"15a7ea6\" data-element_type=\"widget\" data-e-type=\"widget\" data-widget_type=\"heading.default\">\n\t\t\t\t\t<h1 class=\"elementor-heading-title elementor-size-default\">Ada\u2122 Tu ayudante de IA<\/h1>\t\t\t\t<\/div>\n\t\t\t\t<div class=\"elementor-element elementor-element-0a97806 elementor-widget elementor-widget-text-editor\" data-id=\"0a97806\" data-element_type=\"widget\" data-e-type=\"widget\" data-widget_type=\"text-editor.default\">\n\t\t\t\t\t\t\t\t\t<p>Tu compa\u00f1ero personal de AI para practicar idiomas, disponible en cualquier momento. Ada\u2122 combina modelos ling\u00fc\u00edsticos avanzados con tecnolog\u00eda de voz para ofrecer conversaciones naturales y adaptables. A diferencia de los robots ling\u00fc\u00edsticos que siguen guiones r\u00edgidos, Ada\u2122 es una verdadera IA conversacional. Escucha, se adapta y responde con naturalidad, como una profesora de verdad. Cada sesi\u00f3n es \u00fanica porque Ada\u2122 reacciona a lo que dices, te desaf\u00eda a tu nivel y te gu\u00eda hacia tu yo seguro y fluido. Sin gui\u00f3n y adaptable: no hay dos conversaciones iguales.<\/p><p style=\"text-align: center; color: #374151; font-size: 1.125rem; max-width: 600px; margin: 0 auto;\"> <\/p>\t\t\t\t\t\t\t\t<\/div>\n\t\t\t\t\t<\/div>\n\t\t<\/div>\n\t\t\t\t\t<\/div>\n\t\t<\/section>\n\t\t\t\t<section class=\"elementor-section elementor-top-section elementor-element elementor-element-036a2ca elementor-section-boxed elementor-section-height-default elementor-section-height-default\" data-id=\"036a2ca\" data-element_type=\"section\" data-e-type=\"section\">\n\t\t\t\t\t\t<div class=\"elementor-container elementor-column-gap-default\">\n\t\t\t\t\t<div class=\"elementor-column elementor-col-100 elementor-top-column elementor-element elementor-element-fac57f9\" data-id=\"fac57f9\" data-element_type=\"column\" data-e-type=\"column\">\n\t\t\t<div class=\"elementor-widget-wrap elementor-element-populated\">\n\t\t\t\t\t\t<div class=\"elementor-element elementor-element-bee08ad elementor-widget elementor-widget-text-editor\" data-id=\"bee08ad\" data-element_type=\"widget\" data-e-type=\"widget\" data-widget_type=\"text-editor.default\">\n\t\t\t\t\t\t\t\t\t<div class=\"nei-page-content\">\n<div class=\"nei-ada-hero\"><img decoding=\"async\" class=\"nei-ada-hero-img\" src=\"https:\/\/app.ne.institute\/wp-content\/themes\/nei-theme\/assets\/img\/ada-hero.png\" alt=\"Ayudante de IA Ada\"><\/div>\n<div class=\"nei-ada-body\">\n<div class=\"nei-content-section\"><\/div>\n<div class=\"nei-content-section nei-bg-alt\">\n<h2 class=\"nei-section-heading\">Qu\u00e9 hace diferente a Ada<\/h2>\n<div class=\"nei-ada-features\">\n<div class=\"nei-ada-feature\">\n<div class=\"nei-ada-feature-header\">\n<div class=\"nei-ada-feature-icon\"><svg width=\"28\" height=\"28\" viewbox=\"0 0 24 24\" fill=\"none\" stroke=\"#C4698F\" stroke-width=\"1.5\"><path d=\"M20.25&#10;  8.511c.884.284 1.5 1.128 1.5 2.097v4.286c0 1.136-.847 2.1-1.98 2.193-.34.027-.68.052-1.02.072v3.091l-3-3c-1.354&#10;  0-2.694-.055-4.02-.163a2.115 2.115 0 01-.825-.242m9.345-8.334a2.126 2.126 0 00-.476-.095 48.64 48.64 0 00-8.048&#10;  0c-1.131.094-1.976 1.057-1.976 2.192v4.286c0 .837.46 1.58 1.155&#10;  1.951m9.345-8.334V6.637c0-1.621-1.152-3.026-2.76-3.235A48.455 48.455 0 0011.25 3c-2.115&#10;  0-4.198.137-6.24.402-1.608.209-2.76 1.614-2.76 3.235v6.226c0 1.621 1.152 3.026 2.76 3.235.577.075 1.157.14&#10;  1.74.194V21l4.155-4.155\"\/><\/svg><\/div>\n<h3>Flex Ada<\/h3>\n<\/div>\nPr\u00e1ctica conversacional abierta en la que <span style=\"font-weight: 400;\">Ada\u2122 <\/span>se adapta a tus intereses y nivel de competencia. Sin guiones ni caminos predeterminados: s\u00f3lo una conversaci\u00f3n natural y fluida sobre cualquier tema que elijas. Disponible a la carta, para que puedas practicar cuando tu horario te lo permita.\n\n<\/div>\n<div class=\"nei-ada-feature\">\n<div class=\"nei-ada-feature-header\">\n<div class=\"nei-ada-feature-icon\"><svg width=\"28\" height=\"28\" viewbox=\"0 0 24 24\" fill=\"none\" stroke=\"#C4698F\" stroke-width=\"1.5\"><path d=\"M9.568&#10;  3H5.25A2.25 2.25 0 003 5.25v4.318c0 .597.237 1.17.659 1.591l9.581 9.581c.699.699 1.78.872 2.607.33a18.095 18.095 0&#10;  005.223-5.223c.542-.827.369-1.908-.33-2.607L11.16 3.66A2.25 2.25 0 009.568 3z\"\/><path d=\"M6 6h.008v.008H6V6z\"\/><\/svg><\/div>\n<h3>Microtemas<\/h3>\n<\/div>\nSesiones pr\u00e1cticas centradas en temas y asuntos espec\u00edficos extra\u00eddos de tus intereses y necesidades. Cada Microtema es una conversaci\u00f3n estructurada.\n\n<\/div>\n<div class=\"nei-ada-feature\">\n<div class=\"nei-ada-feature-header\">\n<div class=\"nei-ada-feature-icon\">\n<svg width=\"28\" height=\"28\" viewbox=\"0 0 24 24\" fill=\"none\" stroke=\"#C4698F\" stroke-width=\"1.5\"><path d=\"M11.35&#10;  3.836c-.065.21-.1.433-.1.664 0 .414.336.75.75.75h4.5a.75.75 0 00.75-.75 2.25 2.25 0 00-.1-.664m-5.8 0A2.251 2.251 0&#10;  0113.5 2.25H15a2.25 2.25 0 012.15 1.586m-5.8 0c-.376.023-.75.05-1.124.08C9.095 4.01 8.25 4.973 8.25 6.108V19.5a2.625&#10;  2.625 0 002.625 2.625h.75m0-14.25h3.75m-3.75 3h3.75m-3.75 3h3.75\"\/><\/svg><\/div>\n<h3>Opini\u00f3n personalizada<\/h3>\n<\/div>\nDespu\u00e9s de cada sesi\u00f3n, Ada entrega un informe detallado: correcciones, sugerencias de vocabulario, notas gramaticales y \u00e1reas espec\u00edficas de mejora.\n\n<\/div>\n<div class=\"nei-ada-feature\">\n<div class=\"nei-ada-feature-header\">\n<div class=\"nei-ada-feature-icon\"><svg width=\"28\" height=\"28\" viewbox=\"0 0 24 24\" fill=\"none\" stroke=\"#C4698F\" stroke-width=\"1.5\"><path d=\"M9.813&#10;  15.904L9 18.75l-.813-2.846a4.5 4.5 0 00-3.09-3.09L2.25 12l2.846-.813a4.5 4.5 0 003.09-3.09L9 5.25l.813 2.846a4.5 4.5 0&#10;   003.09 3.09L15.75 12l-2.846.813a4.5 4.5 0 00-3.09 3.09zM18.259 8.715L18 9.75l-.259-1.035a3.375 3.375 0&#10;  00-2.455-2.456L14.25 6l1.036-.259a3.375 3.375 0 002.455-2.456L18 2.25l.259 1.035a3.375 3.375 0 002.455 2.456L21.75&#10;  6l-1.036.259a3.375 3.375 0 00-2.455 2.456zM16.894 20.567L16.5 21.75l-.394-1.183a2.25 2.25 0 00-1.423-1.423L13.5&#10;  18.75l1.183-.394a2.25 2.25 0 001.423-1.423l.394-1.183.394 1.183a2.25 2.25 0 001.423 1.423l1.183.394-1.183.394a2.25&#10;  2.25 0 00-1.423 1.423z\"\/><\/svg><\/div>\n<h3>Tema Generaci\u00f3n<\/h3>\n<\/div>\nAda\u2122 recomienda temas de conversaci\u00f3n basados en tu ocupaci\u00f3n e intereses, para que la pr\u00e1ctica sea siempre relevante para tus necesidades del mundo real. Los temas evolucionan a medida que crece tu perfil, manteniendo cada conversaci\u00f3n fresca y estimulante.\n\n<\/div>\n<div class=\"nei-ada-feature\">\n<div class=\"nei-ada-feature-header\">\n<div class=\"nei-ada-feature-icon\"><svg width=\"28\" height=\"28\" viewbox=\"0 0 24 24\" fill=\"none\" stroke=\"#C4698F\" stroke-width=\"1.5\"><path d=\"M3 13.125C3&#10;  12.504 3.504 12 4.125 12h2.25c.621 0 1.125.504 1.125 1.125v6.75C7.5 20.496 6.996 21 6.375 21h-2.25A1.125 1.125 0 013&#10;  19.875v-6.75zM9.75 8.625c0-.621.504-1.125 1.125-1.125h2.25c.621 0 1.125.504 1.125 1.125v11.25c0 .621-.504 1.125-1.125&#10;  1.125h-2.25a1.125 1.125 0 01-1.125-1.125V8.625zM16.5 4.125c0-.621.504-1.125 1.125-1.125h2.25C20.496 3 21 3.504 21&#10;  4.125v15.75c0 .621-.504 1.125-1.125 1.125h-2.25a1.125 1.125 0 01-1.125-1.125V4.125z\"\/><\/svg><\/div>\n<h3>Calibraci\u00f3n de nivel<\/h3>\n<\/div>\nLas conversaciones se calibran seg\u00fan tu nivel de NEI Score\u2122 y Ada\u2122 ajusta el vocabulario, las estructuras gramaticales y el ritmo para adaptarse a tu capacidad actual. A medida que mejoras, Ada\u2122 aumenta la complejidad.\n\n<\/div>\n<div class=\"nei-ada-feature\">\n<div class=\"nei-ada-feature-header\">\n<div class=\"nei-ada-feature-icon\"><svg width=\"28\" height=\"28\" viewbox=\"0 0 24 24\" fill=\"none\" stroke=\"#C4698F\" stroke-width=\"1.5\"><path d=\"M19.5&#10;  12c0-1.232-.046-2.453-.138-3.662a4.006 4.006 0 00-3.7-3.7 48.678 48.678 0 00-7.324 0 4.006 4.006 0 00-3.7&#10;  3.7c-.017.22-.032.441-.046.662M19.5 12l3-3m-3 3l-3-3m-12 3c0 1.232.046 2.453.138 3.662a4.006 4.006 0 003.7 3.7 48.656&#10;  48.656 0 007.324 0 4.006 4.006 0 003.7-3.7c.017-.22.032-.441.046-.662M4.5 12l3 3m-3-3l-3 3\"\/><\/svg><\/div>\n<h3>Integraci\u00f3n del vocabulario<\/h3>\n<\/div>\nLas palabras y frases de tus conversaciones de Ada aparecen autom\u00e1ticamente en Vocabtivate\u2122 para que practiques de forma espec\u00edfica en un divertido formato de cuestionario. Esto refuerza tu nuevo vocabulario en contextos de frases reales.\n\n<\/div>\n<\/div>\n<\/div>\n<div class=\"nei-content-section\">\n<h2 class=\"nei-section-heading\">Conectado a tu equipo de aprendizaje<\/h2>\nAda\u2122 no funciona de forma aislada. A partir de tus informes Ada\u2122, tu Gestor del \u00c9xito en el Aprendizaje (LSM) ve d\u00f3nde te has esforzado. Tu LSM te recomienda formas concretas en las que <span style=\"font-weight: 400;\">Ada\u2122 puede ayudarte a mejorar en tus \u00e1reas de inter\u00e9s<\/span>. Tu progreso se controla tanto en las conversaciones Ada\u2122 como en las clases en directo 1:1\n\n<\/div>\n<div class=\"nei-content-section nei-bg-alt\">\n<h2 class=\"nei-section-heading\">Habla con Ada\u2122 T\u00fa mismo<\/h2>\nAda\u2122 funciona en cualquier dispositivo: ordenador, tableta o m\u00f3vil. Inicia una conversaci\u00f3n desde tu ordenador en casa, o juega a Vocabtivate\u2122 en tu tel\u00e9fono durante el trayecto al trabajo. El historial y el progreso de tus conversaciones se sincronizan a la perfecci\u00f3n en todos los dispositivos.\n<div style=\"text-align: center; margin-top: 32px;\"><a style=\"display: inline-flex; align-items: center; gap: 10px; background: #FF8200; color: #fff; padding: 18px 40px; border-radius: 50px; text-decoration: none; font-weight: bold; font-size: 1.125rem; box-shadow: 0 4px 12px rgba(255,130,0,0.3); transition: transform 0.15s;\" href=\"\/site\/try-free\">Prueba gratis ahora \u2192<\/a><\/div>\n<\/div>\n<\/div>\n<\/div>\t\t\t\t\t\t\t\t<\/div>\n\t\t\t\t\t<\/div>\n\t\t<\/div>\n\t\t\t\t\t<\/div>\n\t\t<\/section>\n\t\t\t\t<\/div>\n\t\t","protected":false},"excerpt":{"rendered":"<p>Ada\u2122 Tu ayudante de IA Tu compa\u00f1ero personal de AI para practicar idiomas, disponible en cualquier momento. Ada\u2122 combina modelos ling\u00fc\u00edsticos avanzados con tecnolog\u00eda de voz para ofrecer conversaciones naturales y adaptables. A diferencia de los robots ling\u00fc\u00edsticos que siguen guiones r\u00edgidos, Ada\u2122 es una verdadera IA conversacional. Escucha, se adapta y responde con naturalidad, [&hellip;]<\/p>\n","protected":false},"author":1,"featured_media":0,"parent":343,"menu_order":0,"comment_status":"closed","ping_status":"closed","template":"","meta":{"footnotes":""},"class_list":["post-313","page","type-page","status-publish","hentry"],"yoast_head":"<!-- This site is optimized with the Yoast SEO plugin v26.8 - https:\/\/yoast.com\/product\/yoast-seo-wordpress\/ -->\n<title>Ada\u2122 Tu ayudante de IA<\/title>\n<meta name=\"description\" content=\"Practica conversaciones 24 horas al d\u00eda, 7 d\u00edas a la semana, con Ada\u2122, el asistente ling\u00fc\u00edstico de IA de NEI. Adaptable a tu nivel, con tecnolog\u00eda de voz de vanguardia.\" \/>\n<meta name=\"robots\" content=\"index, follow, max-snippet:-1, max-image-preview:large, max-video-preview:-1\" \/>\n<link rel=\"canonical\" href=\"https:\/\/ne.institute\/es\/about\/ada-ai\/\" \/>\n<meta property=\"og:locale\" content=\"es_ES\" \/>\n<meta property=\"og:type\" content=\"article\" \/>\n<meta property=\"og:title\" content=\"Ada\u2122 Tu ayudante de IA\" \/>\n<meta property=\"og:description\" content=\"Practica conversaciones 24 horas al d\u00eda, 7 d\u00edas a la semana, con Ada\u2122, el asistente ling\u00fc\u00edstico de IA de NEI. Adaptable a tu nivel, con tecnolog\u00eda de voz de vanguardia.\" \/>\n<meta property=\"og:url\" content=\"https:\/\/ne.institute\/es\/about\/ada-ai\/\" \/>\n<meta property=\"og:site_name\" content=\"NE Institute\" \/>\n<meta property=\"article:publisher\" content=\"https:\/\/www.facebook.com\/AdaAnytime\/\" \/>\n<meta property=\"article:modified_time\" content=\"2026-03-29T16:25:00+00:00\" \/>\n<meta property=\"og:image\" content=\"https:\/\/app.ne.institute\/wp-content\/themes\/nei-theme\/assets\/img\/ada-hero.png\" \/>\n<meta name=\"twitter:card\" content=\"summary_large_image\" \/>\n<meta name=\"twitter:label1\" content=\"Est. reading time\" \/>\n\t<meta name=\"twitter:data1\" content=\"2 minutes\" \/>\n<script type=\"application\/ld+json\" class=\"yoast-schema-graph\">{\"@context\":\"https:\/\/schema.org\",\"@graph\":[{\"@type\":\"WebPage\",\"@id\":\"https:\/\/ne.institute\/es\/about\/ada-ai\/\",\"url\":\"https:\/\/ne.institute\/es\/about\/ada-ai\/\",\"name\":\"Ada\u2122 Tu ayudante de IA\",\"isPartOf\":{\"@id\":\"https:\/\/ne.institute\/en\/#website\"},\"primaryImageOfPage\":{\"@id\":\"https:\/\/ne.institute\/es\/about\/ada-ai\/#primaryimage\"},\"image\":{\"@id\":\"https:\/\/ne.institute\/es\/about\/ada-ai\/#primaryimage\"},\"thumbnailUrl\":\"https:\/\/app.ne.institute\/wp-content\/themes\/nei-theme\/assets\/img\/ada-hero.png\",\"datePublished\":\"2026-03-28T08:08:56+00:00\",\"dateModified\":\"2026-03-29T16:25:00+00:00\",\"description\":\"Practica conversaciones 24 horas al d\u00eda, 7 d\u00edas a la semana, con Ada\u2122, el asistente ling\u00fc\u00edstico de IA de NEI. Adaptable a tu nivel, con tecnolog\u00eda de voz de vanguardia.\",\"breadcrumb\":{\"@id\":\"https:\/\/ne.institute\/es\/about\/ada-ai\/#breadcrumb\"},\"inLanguage\":\"es-ES\",\"potentialAction\":[{\"@type\":\"ReadAction\",\"target\":[\"https:\/\/ne.institute\/es\/about\/ada-ai\/\"]}]},{\"@type\":\"ImageObject\",\"inLanguage\":\"es-ES\",\"@id\":\"https:\/\/ne.institute\/es\/about\/ada-ai\/#primaryimage\",\"url\":\"https:\/\/app.ne.institute\/wp-content\/themes\/nei-theme\/assets\/img\/ada-hero.png\",\"contentUrl\":\"https:\/\/app.ne.institute\/wp-content\/themes\/nei-theme\/assets\/img\/ada-hero.png\"},{\"@type\":\"BreadcrumbList\",\"@id\":\"https:\/\/ne.institute\/es\/about\/ada-ai\/#breadcrumb\",\"itemListElement\":[{\"@type\":\"ListItem\",\"position\":1,\"name\":\"Home\",\"item\":\"https:\/\/ne.institute\/es\/\"},{\"@type\":\"ListItem\",\"position\":2,\"name\":\"Acerca de NEI\",\"item\":\"https:\/\/ne.institute\/es\/about\/\"},{\"@type\":\"ListItem\",\"position\":3,\"name\":\"Ada\u2122 Ayudante de IA\"}]},{\"@type\":\"WebSite\",\"@id\":\"https:\/\/ne.institute\/en\/#website\",\"url\":\"https:\/\/ne.institute\/en\/\",\"name\":\"NEI\",\"description\":\"\",\"publisher\":{\"@id\":\"https:\/\/ne.institute\/en\/#organization\"},\"potentialAction\":[{\"@type\":\"SearchAction\",\"target\":{\"@type\":\"EntryPoint\",\"urlTemplate\":\"https:\/\/ne.institute\/en\/?s={search_term_string}\"},\"query-input\":{\"@type\":\"PropertyValueSpecification\",\"valueRequired\":true,\"valueName\":\"search_term_string\"}}],\"inLanguage\":\"es-ES\"},{\"@type\":\"Organization\",\"@id\":\"https:\/\/ne.institute\/en\/#organization\",\"name\":\"NEI\",\"url\":\"https:\/\/ne.institute\/en\/\",\"logo\":{\"@type\":\"ImageObject\",\"inLanguage\":\"es-ES\",\"@id\":\"https:\/\/ne.institute\/en\/#\/schema\/logo\/image\/\",\"url\":\"https:\/\/app.ne.institute\/wp-content\/uploads\/2026\/03\/apple-touch-icon.png\",\"contentUrl\":\"https:\/\/app.ne.institute\/wp-content\/uploads\/2026\/03\/apple-touch-icon.png\",\"width\":76,\"height\":76,\"caption\":\"NEI\"},\"image\":{\"@id\":\"https:\/\/ne.institute\/en\/#\/schema\/logo\/image\/\"},\"sameAs\":[\"https:\/\/www.facebook.com\/AdaAnytime\/\",\"https:\/\/www.instagram.com\/AdaAnytime\",\"https:\/\/www.youtube.com\/channel\/UCZtSC0Iin_bRV9v65FcfQTA\"]}]}<\/script>\n<!-- \/ Yoast SEO plugin. -->","yoast_head_json":{"title":"Ada\u2122 Tu ayudante de IA","description":"Practica conversaciones 24 horas al d\u00eda, 7 d\u00edas a la semana, con Ada\u2122, el asistente ling\u00fc\u00edstico de IA de NEI. Adaptable a tu nivel, con tecnolog\u00eda de voz de vanguardia.","robots":{"index":"index","follow":"follow","max-snippet":"max-snippet:-1","max-image-preview":"max-image-preview:large","max-video-preview":"max-video-preview:-1"},"canonical":"https:\/\/ne.institute\/es\/about\/ada-ai\/","og_locale":"es_ES","og_type":"article","og_title":"Ada\u2122 Tu ayudante de IA","og_description":"Practica conversaciones 24 horas al d\u00eda, 7 d\u00edas a la semana, con Ada\u2122, el asistente ling\u00fc\u00edstico de IA de NEI. Adaptable a tu nivel, con tecnolog\u00eda de voz de vanguardia.","og_url":"https:\/\/ne.institute\/es\/about\/ada-ai\/","og_site_name":"NE Institute","article_publisher":"https:\/\/www.facebook.com\/AdaAnytime\/","article_modified_time":"2026-03-29T16:25:00+00:00","og_image":[{"url":"https:\/\/app.ne.institute\/wp-content\/themes\/nei-theme\/assets\/img\/ada-hero.png","type":"","width":"","height":""}],"twitter_card":"summary_large_image","twitter_misc":{"Est. reading time":"2 minutes"},"schema":{"@context":"https:\/\/schema.org","@graph":[{"@type":"WebPage","@id":"https:\/\/ne.institute\/es\/about\/ada-ai\/","url":"https:\/\/ne.institute\/es\/about\/ada-ai\/","name":"Ada\u2122 Tu ayudante de IA","isPartOf":{"@id":"https:\/\/ne.institute\/en\/#website"},"primaryImageOfPage":{"@id":"https:\/\/ne.institute\/es\/about\/ada-ai\/#primaryimage"},"image":{"@id":"https:\/\/ne.institute\/es\/about\/ada-ai\/#primaryimage"},"thumbnailUrl":"https:\/\/app.ne.institute\/wp-content\/themes\/nei-theme\/assets\/img\/ada-hero.png","datePublished":"2026-03-28T08:08:56+00:00","dateModified":"2026-03-29T16:25:00+00:00","description":"Practica conversaciones 24 horas al d\u00eda, 7 d\u00edas a la semana, con Ada\u2122, el asistente ling\u00fc\u00edstico de IA de NEI. Adaptable a tu nivel, con tecnolog\u00eda de voz de vanguardia.","breadcrumb":{"@id":"https:\/\/ne.institute\/es\/about\/ada-ai\/#breadcrumb"},"inLanguage":"es-ES","potentialAction":[{"@type":"ReadAction","target":["https:\/\/ne.institute\/es\/about\/ada-ai\/"]}]},{"@type":"ImageObject","inLanguage":"es-ES","@id":"https:\/\/ne.institute\/es\/about\/ada-ai\/#primaryimage","url":"https:\/\/app.ne.institute\/wp-content\/themes\/nei-theme\/assets\/img\/ada-hero.png","contentUrl":"https:\/\/app.ne.institute\/wp-content\/themes\/nei-theme\/assets\/img\/ada-hero.png"},{"@type":"BreadcrumbList","@id":"https:\/\/ne.institute\/es\/about\/ada-ai\/#breadcrumb","itemListElement":[{"@type":"ListItem","position":1,"name":"Home","item":"https:\/\/ne.institute\/es\/"},{"@type":"ListItem","position":2,"name":"Acerca de NEI","item":"https:\/\/ne.institute\/es\/about\/"},{"@type":"ListItem","position":3,"name":"Ada\u2122 Ayudante de IA"}]},{"@type":"WebSite","@id":"https:\/\/ne.institute\/en\/#website","url":"https:\/\/ne.institute\/en\/","name":"NEI","description":"","publisher":{"@id":"https:\/\/ne.institute\/en\/#organization"},"potentialAction":[{"@type":"SearchAction","target":{"@type":"EntryPoint","urlTemplate":"https:\/\/ne.institute\/en\/?s={search_term_string}"},"query-input":{"@type":"PropertyValueSpecification","valueRequired":true,"valueName":"search_term_string"}}],"inLanguage":"es-ES"},{"@type":"Organization","@id":"https:\/\/ne.institute\/en\/#organization","name":"NEI","url":"https:\/\/ne.institute\/en\/","logo":{"@type":"ImageObject","inLanguage":"es-ES","@id":"https:\/\/ne.institute\/en\/#\/schema\/logo\/image\/","url":"https:\/\/app.ne.institute\/wp-content\/uploads\/2026\/03\/apple-touch-icon.png","contentUrl":"https:\/\/app.ne.institute\/wp-content\/uploads\/2026\/03\/apple-touch-icon.png","width":76,"height":76,"caption":"NEI"},"image":{"@id":"https:\/\/ne.institute\/en\/#\/schema\/logo\/image\/"},"sameAs":["https:\/\/www.facebook.com\/AdaAnytime\/","https:\/\/www.instagram.com\/AdaAnytime","https:\/\/www.youtube.com\/channel\/UCZtSC0Iin_bRV9v65FcfQTA"]}]}},"_links":{"self":[{"href":"https:\/\/ne.institute\/es\/wp-json\/wp\/v2\/pages\/313","targetHints":{"allow":["GET"]}}],"collection":[{"href":"https:\/\/ne.institute\/es\/wp-json\/wp\/v2\/pages"}],"about":[{"href":"https:\/\/ne.institute\/es\/wp-json\/wp\/v2\/types\/page"}],"author":[{"embeddable":true,"href":"https:\/\/ne.institute\/es\/wp-json\/wp\/v2\/users\/1"}],"replies":[{"embeddable":true,"href":"https:\/\/ne.institute\/es\/wp-json\/wp\/v2\/comments?post=313"}],"version-history":[{"count":3,"href":"https:\/\/ne.institute\/es\/wp-json\/wp\/v2\/pages\/313\/revisions"}],"predecessor-version":[{"id":324,"href":"https:\/\/ne.institute\/es\/wp-json\/wp\/v2\/pages\/313\/revisions\/324"}],"up":[{"embeddable":true,"href":"https:\/\/ne.institute\/es\/wp-json\/wp\/v2\/pages\/343"}],"wp:attachment":[{"href":"https:\/\/ne.institute\/es\/wp-json\/wp\/v2\/media?parent=313"}],"curies":[{"name":"wp","href":"https:\/\/api.w.org\/{rel}","templated":true}]}}