{"id":326,"date":"2026-03-27T13:49:01","date_gmt":"2026-03-27T13:49:01","guid":{"rendered":"https:\/\/ne.institute\/nuestro-equipo\/"},"modified":"2026-03-29T16:25:25","modified_gmt":"2026-03-29T16:25:25","slug":"team","status":"publish","type":"page","link":"https:\/\/ne.institute\/es\/about\/team\/","title":{"rendered":"Nuestro equipo"},"content":{"rendered":"\t\t<div data-elementor-type=\"wp-page\" data-elementor-id=\"326\" class=\"elementor elementor-326 elementor-50\" data-elementor-post-type=\"page\">\n\t\t\t\t\t\t<section class=\"elementor-section elementor-top-section elementor-element elementor-element-e695f9b elementor-section-boxed elementor-section-height-default elementor-section-height-default\" data-id=\"e695f9b\" data-element_type=\"section\" data-e-type=\"section\" data-settings=\"{&quot;background_background&quot;:&quot;gradient&quot;}\">\n\t\t\t\t\t\t<div class=\"elementor-container elementor-column-gap-default\">\n\t\t\t\t\t<div class=\"elementor-column elementor-col-100 elementor-top-column elementor-element elementor-element-8a7c6e1\" data-id=\"8a7c6e1\" data-element_type=\"column\" data-e-type=\"column\">\n\t\t\t<div class=\"elementor-widget-wrap elementor-element-populated\">\n\t\t\t\t\t\t<div class=\"elementor-element elementor-element-b04d720 elementor-widget elementor-widget-heading\" data-id=\"b04d720\" data-element_type=\"widget\" data-e-type=\"widget\" data-widget_type=\"heading.default\">\n\t\t\t\t\t<h1 class=\"elementor-heading-title elementor-size-default\">Nuestro equipo<\/h1>\t\t\t\t<\/div>\n\t\t\t\t<div class=\"elementor-element elementor-element-76b076b elementor-widget elementor-widget-text-editor\" data-id=\"76b076b\" data-element_type=\"widget\" data-e-type=\"widget\" data-widget_type=\"text-editor.default\">\n\t\t\t\t\t\t\t\t\t<p style=\"text-align:center;color:#374151;font-size:1.125rem;max-width:600px;margin:0 auto;\">NEI est\u00e1 formado por un equipo apasionado de educadores, ling\u00fcistas y tecn\u00f3logos dedicados a transformar la ense\u00f1anza de idiomas mediante el aprendizaje h\u00edbrido.<\/p>\t\t\t\t\t\t\t\t<\/div>\n\t\t\t\t\t<\/div>\n\t\t<\/div>\n\t\t\t\t\t<\/div>\n\t\t<\/section>\n\t\t\t\t<section class=\"elementor-section elementor-top-section elementor-element elementor-element-626a27f elementor-section-boxed elementor-section-height-default elementor-section-height-default\" data-id=\"626a27f\" data-element_type=\"section\" data-e-type=\"section\">\n\t\t\t\t\t\t<div class=\"elementor-container elementor-column-gap-default\">\n\t\t\t\t\t<div class=\"elementor-column elementor-col-100 elementor-top-column elementor-element elementor-element-f481cb6\" data-id=\"f481cb6\" data-element_type=\"column\" data-e-type=\"column\">\n\t\t\t<div class=\"elementor-widget-wrap elementor-element-populated\">\n\t\t\t\t\t\t<div class=\"elementor-element elementor-element-a4e4b78 elementor-widget elementor-widget-shortcode\" data-id=\"a4e4b78\" data-element_type=\"widget\" data-e-type=\"widget\" data-widget_type=\"shortcode.default\">\n\t\t\t\t\t\t\t<div class=\"elementor-shortcode\"><div id=\"nei-teacher-grid\" data-locale=\"es\" data-api-base=\"https:\/\/ne.institute\"><\/div><\/div>\n\t\t\t\t\t\t<\/div>\n\t\t\t\t\t<\/div>\n\t\t<\/div>\n\t\t\t\t\t<\/div>\n\t\t<\/section>\n\t\t\t\t<\/div>\n\t\t","protected":false},"excerpt":{"rendered":"<p>Nuestro equipo NEI est\u00e1 formado por un equipo apasionado de educadores, ling\u00fcistas y tecn\u00f3logos dedicados a transformar la ense\u00f1anza de idiomas mediante el aprendizaje h\u00edbrido.<\/p>\n","protected":false},"author":1,"featured_media":0,"parent":343,"menu_order":0,"comment_status":"closed","ping_status":"closed","template":"","meta":{"footnotes":""},"class_list":["post-326","page","type-page","status-publish","hentry"],"yoast_head":"<!-- This site is optimized with the Yoast SEO plugin v26.8 - https:\/\/yoast.com\/product\/yoast-seo-wordpress\/ -->\n<title>Nuestro equipo<\/title>\n<meta name=\"description\" content=\"Conoce al equipo de expertos en ense\u00f1anza de idiomas, profesores nativos e innovadores tecnol\u00f3gicos de NEI.\" \/>\n<meta name=\"robots\" content=\"index, follow, max-snippet:-1, max-image-preview:large, max-video-preview:-1\" \/>\n<link rel=\"canonical\" href=\"https:\/\/ne.institute\/es\/about\/team\/\" \/>\n<meta property=\"og:locale\" content=\"es_ES\" \/>\n<meta property=\"og:type\" content=\"article\" \/>\n<meta property=\"og:title\" content=\"Nuestro equipo\" \/>\n<meta property=\"og:description\" content=\"Conoce al equipo de expertos en ense\u00f1anza de idiomas, profesores nativos e innovadores tecnol\u00f3gicos de NEI.\" \/>\n<meta property=\"og:url\" content=\"https:\/\/ne.institute\/es\/about\/team\/\" \/>\n<meta property=\"og:site_name\" content=\"NE Institute\" \/>\n<meta property=\"article:publisher\" content=\"https:\/\/www.facebook.com\/AdaAnytime\/\" \/>\n<meta property=\"article:modified_time\" content=\"2026-03-29T16:25:25+00:00\" \/>\n<meta name=\"twitter:card\" content=\"summary_large_image\" \/>\n<script type=\"application\/ld+json\" class=\"yoast-schema-graph\">{\"@context\":\"https:\/\/schema.org\",\"@graph\":[{\"@type\":\"WebPage\",\"@id\":\"https:\/\/ne.institute\/es\/about\/team\/\",\"url\":\"https:\/\/ne.institute\/es\/about\/team\/\",\"name\":\"Nuestro equipo\",\"isPartOf\":{\"@id\":\"https:\/\/ne.institute\/en\/#website\"},\"datePublished\":\"2026-03-27T13:49:01+00:00\",\"dateModified\":\"2026-03-29T16:25:25+00:00\",\"description\":\"Conoce al equipo de expertos en ense\u00f1anza de idiomas, profesores nativos e innovadores tecnol\u00f3gicos de NEI.\",\"breadcrumb\":{\"@id\":\"https:\/\/ne.institute\/es\/about\/team\/#breadcrumb\"},\"inLanguage\":\"es-ES\",\"potentialAction\":[{\"@type\":\"ReadAction\",\"target\":[\"https:\/\/ne.institute\/es\/about\/team\/\"]}]},{\"@type\":\"BreadcrumbList\",\"@id\":\"https:\/\/ne.institute\/es\/about\/team\/#breadcrumb\",\"itemListElement\":[{\"@type\":\"ListItem\",\"position\":1,\"name\":\"Home\",\"item\":\"https:\/\/ne.institute\/es\/\"},{\"@type\":\"ListItem\",\"position\":2,\"name\":\"Acerca de NEI\",\"item\":\"https:\/\/ne.institute\/es\/about\/\"},{\"@type\":\"ListItem\",\"position\":3,\"name\":\"Nuestro equipo\"}]},{\"@type\":\"WebSite\",\"@id\":\"https:\/\/ne.institute\/en\/#website\",\"url\":\"https:\/\/ne.institute\/en\/\",\"name\":\"NEI\",\"description\":\"\",\"publisher\":{\"@id\":\"https:\/\/ne.institute\/en\/#organization\"},\"potentialAction\":[{\"@type\":\"SearchAction\",\"target\":{\"@type\":\"EntryPoint\",\"urlTemplate\":\"https:\/\/ne.institute\/en\/?s={search_term_string}\"},\"query-input\":{\"@type\":\"PropertyValueSpecification\",\"valueRequired\":true,\"valueName\":\"search_term_string\"}}],\"inLanguage\":\"es-ES\"},{\"@type\":\"Organization\",\"@id\":\"https:\/\/ne.institute\/en\/#organization\",\"name\":\"NEI\",\"url\":\"https:\/\/ne.institute\/en\/\",\"logo\":{\"@type\":\"ImageObject\",\"inLanguage\":\"es-ES\",\"@id\":\"https:\/\/ne.institute\/en\/#\/schema\/logo\/image\/\",\"url\":\"https:\/\/app.ne.institute\/wp-content\/uploads\/2026\/03\/apple-touch-icon.png\",\"contentUrl\":\"https:\/\/app.ne.institute\/wp-content\/uploads\/2026\/03\/apple-touch-icon.png\",\"width\":76,\"height\":76,\"caption\":\"NEI\"},\"image\":{\"@id\":\"https:\/\/ne.institute\/en\/#\/schema\/logo\/image\/\"},\"sameAs\":[\"https:\/\/www.facebook.com\/AdaAnytime\/\",\"https:\/\/www.instagram.com\/AdaAnytime\",\"https:\/\/www.youtube.com\/channel\/UCZtSC0Iin_bRV9v65FcfQTA\"]}]}<\/script>\n<!-- \/ Yoast SEO plugin. -->","yoast_head_json":{"title":"Nuestro equipo","description":"Conoce al equipo de expertos en ense\u00f1anza de idiomas, profesores nativos e innovadores tecnol\u00f3gicos de NEI.","robots":{"index":"index","follow":"follow","max-snippet":"max-snippet:-1","max-image-preview":"max-image-preview:large","max-video-preview":"max-video-preview:-1"},"canonical":"https:\/\/ne.institute\/es\/about\/team\/","og_locale":"es_ES","og_type":"article","og_title":"Nuestro equipo","og_description":"Conoce al equipo de expertos en ense\u00f1anza de idiomas, profesores nativos e innovadores tecnol\u00f3gicos de NEI.","og_url":"https:\/\/ne.institute\/es\/about\/team\/","og_site_name":"NE Institute","article_publisher":"https:\/\/www.facebook.com\/AdaAnytime\/","article_modified_time":"2026-03-29T16:25:25+00:00","twitter_card":"summary_large_image","schema":{"@context":"https:\/\/schema.org","@graph":[{"@type":"WebPage","@id":"https:\/\/ne.institute\/es\/about\/team\/","url":"https:\/\/ne.institute\/es\/about\/team\/","name":"Nuestro equipo","isPartOf":{"@id":"https:\/\/ne.institute\/en\/#website"},"datePublished":"2026-03-27T13:49:01+00:00","dateModified":"2026-03-29T16:25:25+00:00","description":"Conoce al equipo de expertos en ense\u00f1anza de idiomas, profesores nativos e innovadores tecnol\u00f3gicos de NEI.","breadcrumb":{"@id":"https:\/\/ne.institute\/es\/about\/team\/#breadcrumb"},"inLanguage":"es-ES","potentialAction":[{"@type":"ReadAction","target":["https:\/\/ne.institute\/es\/about\/team\/"]}]},{"@type":"BreadcrumbList","@id":"https:\/\/ne.institute\/es\/about\/team\/#breadcrumb","itemListElement":[{"@type":"ListItem","position":1,"name":"Home","item":"https:\/\/ne.institute\/es\/"},{"@type":"ListItem","position":2,"name":"Acerca de NEI","item":"https:\/\/ne.institute\/es\/about\/"},{"@type":"ListItem","position":3,"name":"Nuestro equipo"}]},{"@type":"WebSite","@id":"https:\/\/ne.institute\/en\/#website","url":"https:\/\/ne.institute\/en\/","name":"NEI","description":"","publisher":{"@id":"https:\/\/ne.institute\/en\/#organization"},"potentialAction":[{"@type":"SearchAction","target":{"@type":"EntryPoint","urlTemplate":"https:\/\/ne.institute\/en\/?s={search_term_string}"},"query-input":{"@type":"PropertyValueSpecification","valueRequired":true,"valueName":"search_term_string"}}],"inLanguage":"es-ES"},{"@type":"Organization","@id":"https:\/\/ne.institute\/en\/#organization","name":"NEI","url":"https:\/\/ne.institute\/en\/","logo":{"@type":"ImageObject","inLanguage":"es-ES","@id":"https:\/\/ne.institute\/en\/#\/schema\/logo\/image\/","url":"https:\/\/app.ne.institute\/wp-content\/uploads\/2026\/03\/apple-touch-icon.png","contentUrl":"https:\/\/app.ne.institute\/wp-content\/uploads\/2026\/03\/apple-touch-icon.png","width":76,"height":76,"caption":"NEI"},"image":{"@id":"https:\/\/ne.institute\/en\/#\/schema\/logo\/image\/"},"sameAs":["https:\/\/www.facebook.com\/AdaAnytime\/","https:\/\/www.instagram.com\/AdaAnytime","https:\/\/www.youtube.com\/channel\/UCZtSC0Iin_bRV9v65FcfQTA"]}]}},"_links":{"self":[{"href":"https:\/\/ne.institute\/es\/wp-json\/wp\/v2\/pages\/326","targetHints":{"allow":["GET"]}}],"collection":[{"href":"https:\/\/ne.institute\/es\/wp-json\/wp\/v2\/pages"}],"about":[{"href":"https:\/\/ne.institute\/es\/wp-json\/wp\/v2\/types\/page"}],"author":[{"embeddable":true,"href":"https:\/\/ne.institute\/es\/wp-json\/wp\/v2\/users\/1"}],"replies":[{"embeddable":true,"href":"https:\/\/ne.institute\/es\/wp-json\/wp\/v2\/comments?post=326"}],"version-history":[{"count":1,"href":"https:\/\/ne.institute\/es\/wp-json\/wp\/v2\/pages\/326\/revisions"}],"predecessor-version":[{"id":328,"href":"https:\/\/ne.institute\/es\/wp-json\/wp\/v2\/pages\/326\/revisions\/328"}],"up":[{"embeddable":true,"href":"https:\/\/ne.institute\/es\/wp-json\/wp\/v2\/pages\/343"}],"wp:attachment":[{"href":"https:\/\/ne.institute\/es\/wp-json\/wp\/v2\/media?parent=326"}],"curies":[{"name":"wp","href":"https:\/\/api.w.org\/{rel}","templated":true}]}}