{"id":343,"date":"2026-03-28T06:53:51","date_gmt":"2026-03-28T06:53:51","guid":{"rendered":"https:\/\/ne.institute\/acerca-de-nei\/"},"modified":"2026-05-09T09:23:30","modified_gmt":"2026-05-09T09:23:30","slug":"about","status":"publish","type":"page","link":"https:\/\/ne.institute\/es\/about\/","title":{"rendered":"Acerca de NEI"},"content":{"rendered":"\t\t<div data-elementor-type=\"wp-page\" data-elementor-id=\"343\" class=\"elementor elementor-343 elementor-37\" data-elementor-post-type=\"page\">\n\t\t\t\t\t\t<section class=\"elementor-section elementor-top-section elementor-element elementor-element-4441f0c elementor-section-boxed elementor-section-height-default elementor-section-height-default\" data-id=\"4441f0c\" data-element_type=\"section\" data-e-type=\"section\" data-settings=\"{&quot;background_background&quot;:&quot;gradient&quot;}\">\n\t\t\t\t\t\t<div class=\"elementor-container elementor-column-gap-default\">\n\t\t\t\t\t<div class=\"elementor-column elementor-col-100 elementor-top-column elementor-element elementor-element-12802bf\" data-id=\"12802bf\" data-element_type=\"column\" data-e-type=\"column\">\n\t\t\t<div class=\"elementor-widget-wrap elementor-element-populated\">\n\t\t\t\t\t\t<div class=\"elementor-element elementor-element-16f6284 elementor-widget elementor-widget-heading\" data-id=\"16f6284\" data-element_type=\"widget\" data-e-type=\"widget\" data-widget_type=\"heading.default\">\n\t\t\t\t\t<h1 class=\"elementor-heading-title elementor-size-default\">About NEI<\/h1>\t\t\t\t<\/div>\n\t\t\t\t<div class=\"elementor-element elementor-element-6b9245b nei-hero-subtitle elementor-widget elementor-widget-text-editor\" data-id=\"6b9245b\" data-element_type=\"widget\" data-e-type=\"widget\" data-widget_type=\"text-editor.default\">\n\t\t\t\t\t\t\t\t\t<p>NEI transforma la ense\u00f1anza de idiomas mediante un innovador enfoque h\u00edbrido que combina la instrucci\u00f3n humana experta con tecnolog\u00eda de IA de vanguardia. Fundada sobre la convicci\u00f3n de que el mejor aprendizaje ocurre cuando la experiencia humana se encuentra con la tecnolog\u00eda inteligente.<\/p>\t\t\t\t\t\t\t\t<\/div>\n\t\t\t\t\t<\/div>\n\t\t<\/div>\n\t\t\t\t\t<\/div>\n\t\t<\/section>\n\t\t\t\t<section class=\"elementor-section elementor-top-section elementor-element elementor-element-00d527b elementor-section-boxed elementor-section-height-default elementor-section-height-default\" data-id=\"00d527b\" data-element_type=\"section\" data-e-type=\"section\" data-settings=\"{&quot;background_background&quot;:&quot;classic&quot;}\">\n\t\t\t\t\t\t<div class=\"elementor-container elementor-column-gap-default\">\n\t\t\t\t\t<div class=\"elementor-column elementor-col-100 elementor-top-column elementor-element elementor-element-e8027b1\" data-id=\"e8027b1\" data-element_type=\"column\" data-e-type=\"column\">\n\t\t\t<div class=\"elementor-widget-wrap elementor-element-populated\">\n\t\t\t\t\t\t<div class=\"elementor-element elementor-element-e4eb0ff elementor-widget elementor-widget-text-editor\" data-id=\"e4eb0ff\" data-element_type=\"widget\" data-e-type=\"widget\" data-widget_type=\"text-editor.default\">\n\t\t\t\t\t\t\t\t\t<h3>Acerca de NEI<\/h3>\n<p>NEI transforma la ense\u00f1anza de idiomas mediante un innovador enfoque h\u00edbrido que combina la instrucci\u00f3n humana experta con tecnolog\u00eda de IA de vanguardia. Fundada sobre la convicci\u00f3n de que el mejor aprendizaje ocurre cuando la experiencia humana se encuentra con la tecnolog\u00eda inteligente.<\/p>\n<h3>Nuestra misi\u00f3n<\/h3>\n<p>Hacer que la educaci\u00f3n ling\u00fc\u00edstica de alta calidad sea accesible para todos, en todas partes, combinando el valor insustituible de los profesores humanos con la escalabilidad y disponibilidad de la IA.<\/p>\n<h3>Nuestra historia<\/h3>\n<p>NEI naci\u00f3 de una observaci\u00f3n simple: las escuelas de idiomas tradicionales ofrecen buenos profesores, pero tiempo de pr\u00e1ctica limitado. Las aplicaciones de autoestudio ofrecen comodidad, pero carecen de conexi\u00f3n humana. Creamos NEI para ofrecer ambas cosas: profesores nativos expertos para el aprendizaje estructurado y herramientas impulsadas por IA para la pr\u00e1ctica ilimitada entre clases.<\/p>\n<h3>Lo que creemos<\/h3>\n<h3>La conexi\u00f3n humana importa<\/h3>\n<p>La tecnolog\u00eda mejora el aprendizaje, pero los profesores humanos aportan la empat\u00eda, la perspectiva cultural y la experiencia adaptativa que ninguna IA puede reemplazar por completo.<\/p>\n<h3>La pr\u00e1ctica genera progreso<\/h3>\n<p>La pr\u00e1ctica constante entre clases es lo que diferencia a los estudiantes que avanzan r\u00e1pido del resto. Por eso creamos Ada\u2122 y Vocabtivate\u2122.<\/p>\n<h3>El aprendizaje debe ser personal<\/h3>\n<p>Cada estudiante tiene objetivos, sectores y horarios diferentes. Nuestra plataforma se adapta a cada persona, no al rev\u00e9s.<\/p>\n<h3>Los resultados deben ser medibles<\/h3>\n<p>Ya sea como particular o como empresa, usted merece ver evidencia clara de su progreso. NEI Score\u2122 hace visible el aprendizaje.<\/p>\n\t\t\t\t\t\t\t\t<\/div>\n\t\t\t\t\t<\/div>\n\t\t<\/div>\n\t\t\t\t\t<\/div>\n\t\t<\/section>\n\t\t\t\t<\/div>\n\t\t","protected":false},"excerpt":{"rendered":"<p>Acerca de NEI NEI transforma la educaci\u00f3n ling\u00fc\u00edstica mediante un enfoque h\u00edbrido pionero que combina la instrucci\u00f3n experta de profesionales con tecnolog\u00eda de IA de vanguardia. Fundada en la creencia de que el mejor aprendizaje se produce cuando la experiencia humana se encuentra con la tecnolog\u00eda inteligente. About NEI NEI transforms language education through a [&hellip;]<\/p>\n","protected":false},"author":0,"featured_media":0,"parent":0,"menu_order":0,"comment_status":"closed","ping_status":"closed","template":"","meta":{"footnotes":""},"class_list":["post-343","page","type-page","status-publish","hentry"],"yoast_head":"<!-- This site is optimized with the Yoast SEO plugin v26.8 - https:\/\/yoast.com\/product\/yoast-seo-wordpress\/ -->\n<title>Acerca de NEI<\/title>\n<meta name=\"description\" content=\"Conozca la misi\u00f3n de NEI de transformar la ense\u00f1anza de idiomas mediante el aprendizaje h\u00edbrido, combinando profesores expertos con tecnolog\u00eda de IA.\" \/>\n<meta name=\"robots\" content=\"index, follow, max-snippet:-1, max-image-preview:large, max-video-preview:-1\" \/>\n<link rel=\"canonical\" href=\"https:\/\/ne.institute\/en\/about\/\" \/>\n<meta property=\"og:locale\" content=\"es_ES\" \/>\n<meta property=\"og:type\" content=\"article\" \/>\n<meta property=\"og:title\" content=\"Acerca de NEI\" \/>\n<meta property=\"og:description\" content=\"Conozca la misi\u00f3n de NEI de transformar la ense\u00f1anza de idiomas mediante el aprendizaje h\u00edbrido, combinando profesores expertos con tecnolog\u00eda de IA.\" \/>\n<meta property=\"og:url\" content=\"https:\/\/ne.institute\/en\/about\/\" \/>\n<meta property=\"og:site_name\" content=\"NE Institute\" \/>\n<meta property=\"article:publisher\" content=\"https:\/\/www.facebook.com\/AdaAnytime\/\" \/>\n<meta property=\"article:modified_time\" content=\"2026-05-09T09:23:30+00:00\" \/>\n<meta name=\"twitter:card\" content=\"summary_large_image\" \/>\n<meta name=\"twitter:label1\" content=\"Est. reading time\" \/>\n\t<meta name=\"twitter:data1\" content=\"1 minute\" \/>\n<script type=\"application\/ld+json\" class=\"yoast-schema-graph\">{\"@context\":\"https:\/\/schema.org\",\"@graph\":[{\"@type\":\"WebPage\",\"@id\":\"https:\/\/ne.institute\/en\/about\/\",\"url\":\"https:\/\/ne.institute\/en\/about\/\",\"name\":\"Acerca de NEI\",\"isPartOf\":{\"@id\":\"https:\/\/ne.institute\/en\/#website\"},\"datePublished\":\"2026-03-28T06:53:51+00:00\",\"dateModified\":\"2026-05-09T09:23:30+00:00\",\"description\":\"Conozca la misi\u00f3n de NEI de transformar la ense\u00f1anza de idiomas mediante el aprendizaje h\u00edbrido, combinando profesores expertos con tecnolog\u00eda de IA.\",\"breadcrumb\":{\"@id\":\"https:\/\/ne.institute\/en\/about\/#breadcrumb\"},\"inLanguage\":\"es-ES\",\"potentialAction\":[{\"@type\":\"ReadAction\",\"target\":[\"https:\/\/ne.institute\/en\/about\/\"]}]},{\"@type\":\"BreadcrumbList\",\"@id\":\"https:\/\/ne.institute\/en\/about\/#breadcrumb\",\"itemListElement\":[{\"@type\":\"ListItem\",\"position\":1,\"name\":\"Home\",\"item\":\"https:\/\/ne.institute\/es\/home\/\"},{\"@type\":\"ListItem\",\"position\":2,\"name\":\"Acerca de NEI\"}]},{\"@type\":\"WebSite\",\"@id\":\"https:\/\/ne.institute\/en\/#website\",\"url\":\"https:\/\/ne.institute\/en\/\",\"name\":\"NEI\",\"description\":\"\",\"publisher\":{\"@id\":\"https:\/\/ne.institute\/en\/#organization\"},\"potentialAction\":[{\"@type\":\"SearchAction\",\"target\":{\"@type\":\"EntryPoint\",\"urlTemplate\":\"https:\/\/ne.institute\/en\/?s={search_term_string}\"},\"query-input\":{\"@type\":\"PropertyValueSpecification\",\"valueRequired\":true,\"valueName\":\"search_term_string\"}}],\"inLanguage\":\"es-ES\"},{\"@type\":\"Organization\",\"@id\":\"https:\/\/ne.institute\/en\/#organization\",\"name\":\"NEI\",\"url\":\"https:\/\/ne.institute\/en\/\",\"logo\":{\"@type\":\"ImageObject\",\"inLanguage\":\"es-ES\",\"@id\":\"https:\/\/ne.institute\/en\/#\/schema\/logo\/image\/\",\"url\":\"https:\/\/app.ne.institute\/wp-content\/uploads\/2026\/03\/apple-touch-icon.png\",\"contentUrl\":\"https:\/\/app.ne.institute\/wp-content\/uploads\/2026\/03\/apple-touch-icon.png\",\"width\":76,\"height\":76,\"caption\":\"NEI\"},\"image\":{\"@id\":\"https:\/\/ne.institute\/en\/#\/schema\/logo\/image\/\"},\"sameAs\":[\"https:\/\/www.facebook.com\/AdaAnytime\/\",\"https:\/\/www.instagram.com\/AdaAnytime\",\"https:\/\/www.youtube.com\/channel\/UCZtSC0Iin_bRV9v65FcfQTA\"]}]}<\/script>\n<!-- \/ Yoast SEO plugin. -->","yoast_head_json":{"title":"Acerca de NEI","description":"Conozca la misi\u00f3n de NEI de transformar la ense\u00f1anza de idiomas mediante el aprendizaje h\u00edbrido, combinando profesores expertos con tecnolog\u00eda de IA.","robots":{"index":"index","follow":"follow","max-snippet":"max-snippet:-1","max-image-preview":"max-image-preview:large","max-video-preview":"max-video-preview:-1"},"canonical":"https:\/\/ne.institute\/en\/about\/","og_locale":"es_ES","og_type":"article","og_title":"Acerca de NEI","og_description":"Conozca la misi\u00f3n de NEI de transformar la ense\u00f1anza de idiomas mediante el aprendizaje h\u00edbrido, combinando profesores expertos con tecnolog\u00eda de IA.","og_url":"https:\/\/ne.institute\/en\/about\/","og_site_name":"NE Institute","article_publisher":"https:\/\/www.facebook.com\/AdaAnytime\/","article_modified_time":"2026-05-09T09:23:30+00:00","twitter_card":"summary_large_image","twitter_misc":{"Est. reading time":"1 minute"},"schema":{"@context":"https:\/\/schema.org","@graph":[{"@type":"WebPage","@id":"https:\/\/ne.institute\/en\/about\/","url":"https:\/\/ne.institute\/en\/about\/","name":"Acerca de NEI","isPartOf":{"@id":"https:\/\/ne.institute\/en\/#website"},"datePublished":"2026-03-28T06:53:51+00:00","dateModified":"2026-05-09T09:23:30+00:00","description":"Conozca la misi\u00f3n de NEI de transformar la ense\u00f1anza de idiomas mediante el aprendizaje h\u00edbrido, combinando profesores expertos con tecnolog\u00eda de IA.","breadcrumb":{"@id":"https:\/\/ne.institute\/en\/about\/#breadcrumb"},"inLanguage":"es-ES","potentialAction":[{"@type":"ReadAction","target":["https:\/\/ne.institute\/en\/about\/"]}]},{"@type":"BreadcrumbList","@id":"https:\/\/ne.institute\/en\/about\/#breadcrumb","itemListElement":[{"@type":"ListItem","position":1,"name":"Home","item":"https:\/\/ne.institute\/es\/home\/"},{"@type":"ListItem","position":2,"name":"Acerca de NEI"}]},{"@type":"WebSite","@id":"https:\/\/ne.institute\/en\/#website","url":"https:\/\/ne.institute\/en\/","name":"NEI","description":"","publisher":{"@id":"https:\/\/ne.institute\/en\/#organization"},"potentialAction":[{"@type":"SearchAction","target":{"@type":"EntryPoint","urlTemplate":"https:\/\/ne.institute\/en\/?s={search_term_string}"},"query-input":{"@type":"PropertyValueSpecification","valueRequired":true,"valueName":"search_term_string"}}],"inLanguage":"es-ES"},{"@type":"Organization","@id":"https:\/\/ne.institute\/en\/#organization","name":"NEI","url":"https:\/\/ne.institute\/en\/","logo":{"@type":"ImageObject","inLanguage":"es-ES","@id":"https:\/\/ne.institute\/en\/#\/schema\/logo\/image\/","url":"https:\/\/app.ne.institute\/wp-content\/uploads\/2026\/03\/apple-touch-icon.png","contentUrl":"https:\/\/app.ne.institute\/wp-content\/uploads\/2026\/03\/apple-touch-icon.png","width":76,"height":76,"caption":"NEI"},"image":{"@id":"https:\/\/ne.institute\/en\/#\/schema\/logo\/image\/"},"sameAs":["https:\/\/www.facebook.com\/AdaAnytime\/","https:\/\/www.instagram.com\/AdaAnytime","https:\/\/www.youtube.com\/channel\/UCZtSC0Iin_bRV9v65FcfQTA"]}]}},"_links":{"self":[{"href":"https:\/\/ne.institute\/es\/wp-json\/wp\/v2\/pages\/343","targetHints":{"allow":["GET"]}}],"collection":[{"href":"https:\/\/ne.institute\/es\/wp-json\/wp\/v2\/pages"}],"about":[{"href":"https:\/\/ne.institute\/es\/wp-json\/wp\/v2\/types\/page"}],"replies":[{"embeddable":true,"href":"https:\/\/ne.institute\/es\/wp-json\/wp\/v2\/comments?post=343"}],"version-history":[{"count":1,"href":"https:\/\/ne.institute\/es\/wp-json\/wp\/v2\/pages\/343\/revisions"}],"predecessor-version":[{"id":1107,"href":"https:\/\/ne.institute\/es\/wp-json\/wp\/v2\/pages\/343\/revisions\/1107"}],"wp:attachment":[{"href":"https:\/\/ne.institute\/es\/wp-json\/wp\/v2\/media?parent=343"}],"curies":[{"name":"wp","href":"https:\/\/api.w.org\/{rel}","templated":true}]}}