{"id":561,"date":"2026-03-27T13:49:03","date_gmt":"2026-03-27T13:49:03","guid":{"rendered":"https:\/\/ne.institute\/companies\/case-studies-2\/"},"modified":"2026-05-09T09:24:54","modified_gmt":"2026-05-09T09:24:54","slug":"case-studies","status":"publish","type":"page","link":"https:\/\/ne.institute\/es\/companies\/case-studies\/","title":{"rendered":"Casos de \u00e9xito"},"content":{"rendered":"\t\t<div data-elementor-type=\"wp-page\" data-elementor-id=\"561\" class=\"elementor elementor-561 elementor-54\" data-elementor-post-type=\"page\">\n\t\t\t\t\t\t<section class=\"elementor-section elementor-top-section elementor-element elementor-element-fbef85c elementor-section-boxed elementor-section-height-default elementor-section-height-default\" data-id=\"fbef85c\" data-element_type=\"section\" data-e-type=\"section\" data-settings=\"{&quot;background_background&quot;:&quot;gradient&quot;}\">\n\t\t\t\t\t\t<div class=\"elementor-container elementor-column-gap-default\">\n\t\t\t\t\t<div class=\"elementor-column elementor-col-100 elementor-top-column elementor-element elementor-element-42866bb\" data-id=\"42866bb\" data-element_type=\"column\" data-e-type=\"column\">\n\t\t\t<div class=\"elementor-widget-wrap elementor-element-populated\">\n\t\t\t\t\t\t<div class=\"elementor-element elementor-element-9e82023 elementor-widget elementor-widget-heading\" data-id=\"9e82023\" data-element_type=\"widget\" data-e-type=\"widget\" data-widget_type=\"heading.default\">\n\t\t\t\t\t<h1 class=\"elementor-heading-title elementor-size-default\">Case Studies<\/h1>\t\t\t\t<\/div>\n\t\t\t\t<div class=\"elementor-element elementor-element-fabf456 nei-hero-subtitle elementor-widget elementor-widget-text-editor\" data-id=\"fabf456\" data-element_type=\"widget\" data-e-type=\"widget\" data-widget_type=\"text-editor.default\">\n\t\t\t\t\t\t\t\t\t<p>Descubra c\u00f3mo organizaciones de diversos sectores est\u00e1n alcanzando sus objetivos de formaci\u00f3n ling\u00fc\u00edstica con el enfoque h\u00edbrido de NEI.<\/p>\t\t\t\t\t\t\t\t<\/div>\n\t\t\t\t\t<\/div>\n\t\t<\/div>\n\t\t\t\t\t<\/div>\n\t\t<\/section>\n\t\t\t\t<section class=\"elementor-section elementor-top-section elementor-element elementor-element-8b732a7 elementor-section-boxed elementor-section-height-default elementor-section-height-default\" data-id=\"8b732a7\" data-element_type=\"section\" data-e-type=\"section\" data-settings=\"{&quot;background_background&quot;:&quot;classic&quot;}\">\n\t\t\t\t\t\t<div class=\"elementor-container elementor-column-gap-default\">\n\t\t\t\t\t<div class=\"elementor-column elementor-col-100 elementor-top-column elementor-element elementor-element-a6ef237\" data-id=\"a6ef237\" data-element_type=\"column\" data-e-type=\"column\">\n\t\t\t<div class=\"elementor-widget-wrap elementor-element-populated\">\n\t\t\t\t\t\t<section class=\"elementor-section elementor-inner-section elementor-element elementor-element-760a776 elementor-section-boxed elementor-section-height-default elementor-section-height-default\" data-id=\"760a776\" data-element_type=\"section\" data-e-type=\"section\">\n\t\t\t\t\t\t<div class=\"elementor-container elementor-column-gap-extended\">\n\t\t\t\t\t<div class=\"elementor-column elementor-col-50 elementor-top-column elementor-element elementor-element-85d5432\" data-id=\"85d5432\" data-element_type=\"column\" data-e-type=\"column\" data-settings=\"{&quot;background_background&quot;:&quot;classic&quot;}\">\n\t\t\t<div class=\"elementor-widget-wrap elementor-element-populated\">\n\t\t\t\t\t\t<div class=\"elementor-element elementor-element-da7a893 nei-cs-logo-wrap elementor-widget elementor-widget-html\" data-id=\"da7a893\" data-element_type=\"widget\" data-e-type=\"widget\" data-widget_type=\"html.default\">\n\t\t\t\t\t<img decoding=\"async\" class=\"nei-cs-logo\" src=\"https:\/\/ne.institute\/wp-content\/themes\/nei-theme\/assets\/img\/case-studies\/jcr-logo-full.jpg\" alt=\"\">\t\t\t\t<\/div>\n\t\t\t\t<div class=\"elementor-element elementor-element-802e2dc nei-cs-company elementor-widget elementor-widget-heading\" data-id=\"802e2dc\" data-element_type=\"widget\" data-e-type=\"widget\" data-widget_type=\"heading.default\">\n\t\t\t\t\t<h3 class=\"elementor-heading-title elementor-size-default\">JCR Pharmaceuticals<\/h3>\t\t\t\t<\/div>\n\t\t\t\t<div class=\"elementor-element elementor-element-20c15bf elementor-widget elementor-widget-text-editor\" data-id=\"20c15bf\" data-element_type=\"widget\" data-e-type=\"widget\" data-widget_type=\"text-editor.default\">\n\t\t\t\t\t\t\t\t\t<p>JCR Pharmaceuticals inici\u00f3 su programa NEI en 2017 con 52 empleados. Para 2023, el programa se expandi\u00f3 a 390 participantes. Los NEI Scores se integraron en los sistemas de evaluaci\u00f3n de personal, demostrando mejoras medibles en la competencia ling\u00fc\u00edstica en toda la organizaci\u00f3n.<\/p>\t\t\t\t\t\t\t\t<\/div>\n\t\t\t\t<div class=\"elementor-element elementor-element-f71e231 elementor-blockquote--skin-border elementor-widget elementor-widget-blockquote\" data-id=\"f71e231\" data-element_type=\"widget\" data-e-type=\"widget\" data-widget_type=\"blockquote.default\">\n\t\t\t\t\t\t\t<blockquote class=\"elementor-blockquote\">\n\t\t\t<p class=\"elementor-blockquote__content\">\n\t\t\t\tLa integraci\u00f3n de NEI Score en nuestro sistema de evaluaci\u00f3n de personal ha hecho que el desarrollo de competencias ling\u00fc\u00edsticas sea medible y motivador para nuestros empleados.\t\t\t<\/p>\n\t\t\t\t\t\t\t<div class=\"e-q-footer\">\n\t\t\t\t\t\t\t\t\t\t\t<cite class=\"elementor-blockquote__author\">Ayako Watari, JCR Pharma<\/cite>\n\t\t\t\t\t\t\t\t\t\t\t\t\t\t<\/div>\n\t\t\t\t\t<\/blockquote>\n\t\t\t\t\t\t<\/div>\n\t\t\t\t<div class=\"elementor-element elementor-element-cd2333f elementor-align-left nei-cs-link elementor-widget elementor-widget-button\" data-id=\"cd2333f\" data-element_type=\"widget\" data-e-type=\"widget\" data-widget_type=\"button.default\">\n\t\t\t\t\t\t\t\t\t\t<a class=\"elementor-button elementor-button-link elementor-size-sm\" href=\"\/es\/companies\/case-studies\/jcr\/\">\n\t\t\t\t\t\t<span class=\"elementor-button-content-wrapper\">\n\t\t\t\t\t\t<span class=\"elementor-button-icon\">\n\t\t\t\t<svg aria-hidden=\"true\" class=\"e-font-icon-svg e-eicon-arrow-right\" viewBox=\"0 0 1000 1000\" xmlns=\"http:\/\/www.w3.org\/2000\/svg\"><path d=\"M738 546L579 708C554 733 554 771 579 796S642 821 667 796L938 517C963 492 963 454 938 429L671 167C646 142 608 142 583 167 558 192 558 229 583 254L754 421 104 417C71 417 42 446 42 479 42 512 71 542 104 542L738 546Z\"><\/path><\/svg>\t\t\t<\/span>\n\t\t\t\t\t\t\t\t\t<span class=\"elementor-button-text\">Leer estudio completo<\/span>\n\t\t\t\t\t<\/span>\n\t\t\t\t\t<\/a>\n\t\t\t\t\t\t\t\t<\/div>\n\t\t\t\t\t<\/div>\n\t\t<\/div>\n\t\t\t\t<div class=\"elementor-column elementor-col-50 elementor-top-column elementor-element elementor-element-3cf10e8\" data-id=\"3cf10e8\" data-element_type=\"column\" data-e-type=\"column\" data-settings=\"{&quot;background_background&quot;:&quot;classic&quot;}\">\n\t\t\t<div class=\"elementor-widget-wrap elementor-element-populated\">\n\t\t\t\t\t\t<div class=\"elementor-element elementor-element-0007f27 nei-cs-logo-wrap elementor-widget elementor-widget-html\" data-id=\"0007f27\" data-element_type=\"widget\" data-e-type=\"widget\" data-widget_type=\"html.default\">\n\t\t\t\t\t<img decoding=\"async\" class=\"nei-cs-logo\" src=\"https:\/\/ne.institute\/wp-content\/themes\/nei-theme\/assets\/img\/case-studies\/iij-logo.jpg\" alt=\"\">\t\t\t\t<\/div>\n\t\t\t\t<div class=\"elementor-element elementor-element-c87af4c nei-cs-company elementor-widget elementor-widget-heading\" data-id=\"c87af4c\" data-element_type=\"widget\" data-e-type=\"widget\" data-widget_type=\"heading.default\">\n\t\t\t\t\t<h3 class=\"elementor-heading-title elementor-size-default\">IIJ Global Solutions<\/h3>\t\t\t\t<\/div>\n\t\t\t\t<div class=\"elementor-element elementor-element-e8d277e elementor-widget elementor-widget-text-editor\" data-id=\"e8d277e\" data-element_type=\"widget\" data-e-type=\"widget\" data-widget_type=\"text-editor.default\">\n\t\t\t\t\t\t\t\t\t<p>IIJ Global Solutions implement\u00f3 el programa de aprendizaje h\u00edbrido de NEI para sus equipos t\u00e9cnicos, logrando tasas de participaci\u00f3n 2,5 veces superiores al promedio del sector en formaci\u00f3n ling\u00fc\u00edstica corporativa. La combinaci\u00f3n de contenido espec\u00edfico del sector y pr\u00e1ctica con IA mantuvo la participaci\u00f3n consistentemente alta.<\/p>\t\t\t\t\t\t\t\t<\/div>\n\t\t\t\t<div class=\"elementor-element elementor-element-7ff84c3 elementor-blockquote--skin-border elementor-widget elementor-widget-blockquote\" data-id=\"7ff84c3\" data-element_type=\"widget\" data-e-type=\"widget\" data-widget_type=\"blockquote.default\">\n\t\t\t\t\t\t\t<blockquote class=\"elementor-blockquote\">\n\t\t\t<p class=\"elementor-blockquote__content\">\n\t\t\t\tElegimos NEI por la alta calidad de su sistema de aprendizaje e instructores. Las tasas de participaci\u00f3n superaron nuestras expectativas.\t\t\t<\/p>\n\t\t\t\t\t\t\t<div class=\"e-q-footer\">\n\t\t\t\t\t\t\t\t\t\t\t<cite class=\"elementor-blockquote__author\">Yuko Hasegawa, IIJ Global Solutions<\/cite>\n\t\t\t\t\t\t\t\t\t\t\t\t\t\t<\/div>\n\t\t\t\t\t<\/blockquote>\n\t\t\t\t\t\t<\/div>\n\t\t\t\t\t<\/div>\n\t\t<\/div>\n\t\t\t\t\t<\/div>\n\t\t<\/section>\n\t\t\t\t\t<\/div>\n\t\t<\/div>\n\t\t\t\t\t<\/div>\n\t\t<\/section>\n\t\t\t\t<\/div>\n\t\t","protected":false},"excerpt":{"rendered":"<p>Casos de \u00e9xito Descubra c\u00f3mo organizaciones de diversos sectores est\u00e1n alcanzando sus objetivos de formaci\u00f3n ling\u00fc\u00edstica con el enfoque h\u00edbrido de NEI. JCR Pharmaceuticals JCR Pharmaceuticals inici\u00f3 su programa NEI en 2017 con 52 empleados. Para 2023, el programa se expandi\u00f3 a 390 participantes. Los NEI Scores se integraron en los sistemas de evaluaci\u00f3n de [&hellip;]<\/p>\n","protected":false},"author":0,"featured_media":0,"parent":555,"menu_order":0,"comment_status":"closed","ping_status":"closed","template":"","meta":{"footnotes":""},"class_list":["post-561","page","type-page","status-publish","hentry"],"yoast_head":"<!-- This site is optimized with the Yoast SEO plugin v26.8 - https:\/\/yoast.com\/product\/yoast-seo-wordpress\/ -->\n<title>Casos de \u00e9xito<\/title>\n<meta name=\"description\" content=\"Descubra c\u00f3mo las empresas est\u00e1n logrando resultados con las soluciones de formaci\u00f3n ling\u00fc\u00edstica corporativa de NEI.\" \/>\n<meta name=\"robots\" content=\"index, follow, max-snippet:-1, max-image-preview:large, max-video-preview:-1\" \/>\n<link rel=\"canonical\" href=\"https:\/\/ne.institute\/en\/companies\/case-studies\/\" \/>\n<meta property=\"og:locale\" content=\"es_ES\" \/>\n<meta property=\"og:type\" content=\"article\" \/>\n<meta property=\"og:title\" content=\"Casos de \u00e9xito\" \/>\n<meta property=\"og:description\" content=\"Descubra c\u00f3mo las empresas est\u00e1n logrando resultados con las soluciones de formaci\u00f3n ling\u00fc\u00edstica corporativa de NEI.\" \/>\n<meta property=\"og:url\" content=\"https:\/\/ne.institute\/en\/companies\/case-studies\/\" \/>\n<meta property=\"og:site_name\" content=\"NE Institute\" \/>\n<meta property=\"article:publisher\" content=\"https:\/\/www.facebook.com\/AdaAnytime\/\" \/>\n<meta property=\"article:modified_time\" content=\"2026-05-09T09:24:54+00:00\" \/>\n<meta property=\"og:image\" content=\"https:\/\/ne.institute\/wp-content\/themes\/nei-theme\/assets\/img\/case-studies\/jcr-logo-full.jpg\" \/>\n<meta name=\"twitter:card\" content=\"summary_large_image\" \/>\n<meta name=\"twitter:label1\" content=\"Est. reading time\" \/>\n\t<meta name=\"twitter:data1\" content=\"1 minute\" \/>\n<script type=\"application\/ld+json\" class=\"yoast-schema-graph\">{\"@context\":\"https:\/\/schema.org\",\"@graph\":[{\"@type\":\"WebPage\",\"@id\":\"https:\/\/ne.institute\/en\/companies\/case-studies\/\",\"url\":\"https:\/\/ne.institute\/en\/companies\/case-studies\/\",\"name\":\"Casos de \u00e9xito\",\"isPartOf\":{\"@id\":\"https:\/\/ne.institute\/en\/#website\"},\"primaryImageOfPage\":{\"@id\":\"https:\/\/ne.institute\/en\/companies\/case-studies\/#primaryimage\"},\"image\":{\"@id\":\"https:\/\/ne.institute\/en\/companies\/case-studies\/#primaryimage\"},\"thumbnailUrl\":\"https:\/\/ne.institute\/wp-content\/themes\/nei-theme\/assets\/img\/case-studies\/jcr-logo-full.jpg\",\"datePublished\":\"2026-03-27T13:49:03+00:00\",\"dateModified\":\"2026-05-09T09:24:54+00:00\",\"description\":\"Descubra c\u00f3mo las empresas est\u00e1n logrando resultados con las soluciones de formaci\u00f3n ling\u00fc\u00edstica corporativa de NEI.\",\"breadcrumb\":{\"@id\":\"https:\/\/ne.institute\/en\/companies\/case-studies\/#breadcrumb\"},\"inLanguage\":\"es-ES\",\"potentialAction\":[{\"@type\":\"ReadAction\",\"target\":[\"https:\/\/ne.institute\/en\/companies\/case-studies\/\"]}]},{\"@type\":\"ImageObject\",\"inLanguage\":\"es-ES\",\"@id\":\"https:\/\/ne.institute\/en\/companies\/case-studies\/#primaryimage\",\"url\":\"https:\/\/ne.institute\/wp-content\/themes\/nei-theme\/assets\/img\/case-studies\/jcr-logo-full.jpg\",\"contentUrl\":\"https:\/\/ne.institute\/wp-content\/themes\/nei-theme\/assets\/img\/case-studies\/jcr-logo-full.jpg\"},{\"@type\":\"BreadcrumbList\",\"@id\":\"https:\/\/ne.institute\/en\/companies\/case-studies\/#breadcrumb\",\"itemListElement\":[{\"@type\":\"ListItem\",\"position\":1,\"name\":\"Home\",\"item\":\"https:\/\/ne.institute\/es\/home\/\"},{\"@type\":\"ListItem\",\"position\":2,\"name\":\"Para empresas y organizaciones\",\"item\":\"https:\/\/ne.institute\/en\/companies\/\"},{\"@type\":\"ListItem\",\"position\":3,\"name\":\"Casos de \u00e9xito\"}]},{\"@type\":\"WebSite\",\"@id\":\"https:\/\/ne.institute\/en\/#website\",\"url\":\"https:\/\/ne.institute\/en\/\",\"name\":\"NEI\",\"description\":\"\",\"publisher\":{\"@id\":\"https:\/\/ne.institute\/en\/#organization\"},\"potentialAction\":[{\"@type\":\"SearchAction\",\"target\":{\"@type\":\"EntryPoint\",\"urlTemplate\":\"https:\/\/ne.institute\/en\/?s={search_term_string}\"},\"query-input\":{\"@type\":\"PropertyValueSpecification\",\"valueRequired\":true,\"valueName\":\"search_term_string\"}}],\"inLanguage\":\"es-ES\"},{\"@type\":\"Organization\",\"@id\":\"https:\/\/ne.institute\/en\/#organization\",\"name\":\"NEI\",\"url\":\"https:\/\/ne.institute\/en\/\",\"logo\":{\"@type\":\"ImageObject\",\"inLanguage\":\"es-ES\",\"@id\":\"https:\/\/ne.institute\/en\/#\/schema\/logo\/image\/\",\"url\":\"https:\/\/app.ne.institute\/wp-content\/uploads\/2026\/03\/apple-touch-icon.png\",\"contentUrl\":\"https:\/\/app.ne.institute\/wp-content\/uploads\/2026\/03\/apple-touch-icon.png\",\"width\":76,\"height\":76,\"caption\":\"NEI\"},\"image\":{\"@id\":\"https:\/\/ne.institute\/en\/#\/schema\/logo\/image\/\"},\"sameAs\":[\"https:\/\/www.facebook.com\/AdaAnytime\/\",\"https:\/\/www.instagram.com\/AdaAnytime\",\"https:\/\/www.youtube.com\/channel\/UCZtSC0Iin_bRV9v65FcfQTA\"]}]}<\/script>\n<!-- \/ Yoast SEO plugin. -->","yoast_head_json":{"title":"Casos de \u00e9xito","description":"Descubra c\u00f3mo las empresas est\u00e1n logrando resultados con las soluciones de formaci\u00f3n ling\u00fc\u00edstica corporativa de NEI.","robots":{"index":"index","follow":"follow","max-snippet":"max-snippet:-1","max-image-preview":"max-image-preview:large","max-video-preview":"max-video-preview:-1"},"canonical":"https:\/\/ne.institute\/en\/companies\/case-studies\/","og_locale":"es_ES","og_type":"article","og_title":"Casos de \u00e9xito","og_description":"Descubra c\u00f3mo las empresas est\u00e1n logrando resultados con las soluciones de formaci\u00f3n ling\u00fc\u00edstica corporativa de NEI.","og_url":"https:\/\/ne.institute\/en\/companies\/case-studies\/","og_site_name":"NE Institute","article_publisher":"https:\/\/www.facebook.com\/AdaAnytime\/","article_modified_time":"2026-05-09T09:24:54+00:00","og_image":[{"url":"https:\/\/ne.institute\/wp-content\/themes\/nei-theme\/assets\/img\/case-studies\/jcr-logo-full.jpg","type":"","width":"","height":""}],"twitter_card":"summary_large_image","twitter_misc":{"Est. reading time":"1 minute"},"schema":{"@context":"https:\/\/schema.org","@graph":[{"@type":"WebPage","@id":"https:\/\/ne.institute\/en\/companies\/case-studies\/","url":"https:\/\/ne.institute\/en\/companies\/case-studies\/","name":"Casos de \u00e9xito","isPartOf":{"@id":"https:\/\/ne.institute\/en\/#website"},"primaryImageOfPage":{"@id":"https:\/\/ne.institute\/en\/companies\/case-studies\/#primaryimage"},"image":{"@id":"https:\/\/ne.institute\/en\/companies\/case-studies\/#primaryimage"},"thumbnailUrl":"https:\/\/ne.institute\/wp-content\/themes\/nei-theme\/assets\/img\/case-studies\/jcr-logo-full.jpg","datePublished":"2026-03-27T13:49:03+00:00","dateModified":"2026-05-09T09:24:54+00:00","description":"Descubra c\u00f3mo las empresas est\u00e1n logrando resultados con las soluciones de formaci\u00f3n ling\u00fc\u00edstica corporativa de NEI.","breadcrumb":{"@id":"https:\/\/ne.institute\/en\/companies\/case-studies\/#breadcrumb"},"inLanguage":"es-ES","potentialAction":[{"@type":"ReadAction","target":["https:\/\/ne.institute\/en\/companies\/case-studies\/"]}]},{"@type":"ImageObject","inLanguage":"es-ES","@id":"https:\/\/ne.institute\/en\/companies\/case-studies\/#primaryimage","url":"https:\/\/ne.institute\/wp-content\/themes\/nei-theme\/assets\/img\/case-studies\/jcr-logo-full.jpg","contentUrl":"https:\/\/ne.institute\/wp-content\/themes\/nei-theme\/assets\/img\/case-studies\/jcr-logo-full.jpg"},{"@type":"BreadcrumbList","@id":"https:\/\/ne.institute\/en\/companies\/case-studies\/#breadcrumb","itemListElement":[{"@type":"ListItem","position":1,"name":"Home","item":"https:\/\/ne.institute\/es\/home\/"},{"@type":"ListItem","position":2,"name":"Para empresas y organizaciones","item":"https:\/\/ne.institute\/en\/companies\/"},{"@type":"ListItem","position":3,"name":"Casos de \u00e9xito"}]},{"@type":"WebSite","@id":"https:\/\/ne.institute\/en\/#website","url":"https:\/\/ne.institute\/en\/","name":"NEI","description":"","publisher":{"@id":"https:\/\/ne.institute\/en\/#organization"},"potentialAction":[{"@type":"SearchAction","target":{"@type":"EntryPoint","urlTemplate":"https:\/\/ne.institute\/en\/?s={search_term_string}"},"query-input":{"@type":"PropertyValueSpecification","valueRequired":true,"valueName":"search_term_string"}}],"inLanguage":"es-ES"},{"@type":"Organization","@id":"https:\/\/ne.institute\/en\/#organization","name":"NEI","url":"https:\/\/ne.institute\/en\/","logo":{"@type":"ImageObject","inLanguage":"es-ES","@id":"https:\/\/ne.institute\/en\/#\/schema\/logo\/image\/","url":"https:\/\/app.ne.institute\/wp-content\/uploads\/2026\/03\/apple-touch-icon.png","contentUrl":"https:\/\/app.ne.institute\/wp-content\/uploads\/2026\/03\/apple-touch-icon.png","width":76,"height":76,"caption":"NEI"},"image":{"@id":"https:\/\/ne.institute\/en\/#\/schema\/logo\/image\/"},"sameAs":["https:\/\/www.facebook.com\/AdaAnytime\/","https:\/\/www.instagram.com\/AdaAnytime","https:\/\/www.youtube.com\/channel\/UCZtSC0Iin_bRV9v65FcfQTA"]}]}},"_links":{"self":[{"href":"https:\/\/ne.institute\/es\/wp-json\/wp\/v2\/pages\/561","targetHints":{"allow":["GET"]}}],"collection":[{"href":"https:\/\/ne.institute\/es\/wp-json\/wp\/v2\/pages"}],"about":[{"href":"https:\/\/ne.institute\/es\/wp-json\/wp\/v2\/types\/page"}],"replies":[{"embeddable":true,"href":"https:\/\/ne.institute\/es\/wp-json\/wp\/v2\/comments?post=561"}],"version-history":[{"count":1,"href":"https:\/\/ne.institute\/es\/wp-json\/wp\/v2\/pages\/561\/revisions"}],"predecessor-version":[{"id":1132,"href":"https:\/\/ne.institute\/es\/wp-json\/wp\/v2\/pages\/561\/revisions\/1132"}],"up":[{"embeddable":true,"href":"https:\/\/ne.institute\/es\/wp-json\/wp\/v2\/pages\/555"}],"wp:attachment":[{"href":"https:\/\/ne.institute\/es\/wp-json\/wp\/v2\/media?parent=561"}],"curies":[{"name":"wp","href":"https:\/\/api.w.org\/{rel}","templated":true}]}}